{"id":1038,"date":"2021-11-01T22:04:45","date_gmt":"2021-11-01T21:04:45","guid":{"rendered":"https:\/\/sciencebear.info\/public\/?page_id=1038"},"modified":"2022-11-30T12:53:21","modified_gmt":"2022-11-30T11:53:21","slug":"tools","status":"publish","type":"page","link":"https:\/\/sciencebear.info\/public\/andre-kleinschmidt\/lebenslauf\/tools\/","title":{"rendered":"Tools, die ich gern h\u00e4tte"},"content":{"rendered":"\n<p>Hier sammle ich meinen Bedarf an Tools f\u00fcr die <a href=\"https:\/\/sciencebear.info\/public\/andre-kleinschmidt\/lebenslauf\/lehre\/\">Online-Lehre<\/a>. Ich stelle oft fest, dass ich ein paar Werkzeuge brauche, die es nicht so gibt, wie ich sie brauche.<\/p>\n\n\n\n<p>Falls du Tool kennst, die meinen Bedarf decken, melde dich bitte \u00fcber das <a href=\"https:\/\/sciencebear.info\/public\/andre-kleinschmidt\/impressum\/kontakt\/\">Kontaktformular<\/a>.<\/p>\n\n\n\n<h2 class=\"wp-block-heading\" id=\"quiz-aktivierungs-tools\">Quiz \/ Aktivierungs-Tools<\/h2>\n\n\n\n<p>Ich suche ein Werkzeug, mit dem ich meine Unterrichte als Quiz zusammenzufassen kann. <\/p>\n\n\n\n<p>Mein Bedarf an solche Tools sind:<\/p>\n\n\n\n<ul class=\"wp-block-list\">\n<li>Ich m\u00f6chte die Teilnehmer hinterlegen<\/li>\n\n\n\n<li>Ich will Fragen und Antworten hinterlegen, und zuf\u00e4llig aufrufen<\/li>\n\n\n\n<li>Jedes Quiz startet einen neuen gesteuerten Zufallsgenerator.<\/li>\n\n\n\n<li>Vergeben eines Wertes (Threshold) pro Teilnehmer\n<ul class=\"wp-block-list\">\n<li>ich m\u00f6chte, dass aktive Teilnehmer seltener ausgew\u00e4hlt werden, weil man sie weniger gezielt aktivieren muss<\/li>\n\n\n\n<li>dass stille Teilnehmer eine h\u00f6here Chance haben ausgew\u00e4hlt zu werden, weil man wissen m\u00f6chte ob sie noch folgen.<\/li>\n\n\n\n<li>Die Wahrscheinlichkeit, dass jemanden nochmal gew\u00e4hlt wird, sinkt mit jeder Auswahl.<\/li>\n\n\n\n<li>Die Wahrscheinlichkeit wird nie null, damit sich niemand ausruht, weil er oder sie gerade ausgew\u00e4hlt wurde.<\/li>\n<\/ul>\n<\/li>\n\n\n\n<li>Ich will Aktivit\u00e4ten verfolgen, welche die H\u00e4ufigkeit der Auswahl \u00e4ndern\n<ul class=\"wp-block-list\">\n<li>Fragen stellen, f\u00fchrt zu seltener Auswahl<\/li>\n\n\n\n<li>L\u00f6sungen zeigen f\u00fchrt zu seltener Auswahl<\/li>\n\n\n\n<li>etwas in eigenen Worten nochmal erkl\u00e4ren f\u00fchrt auch zu seltener Auswahl<\/li>\n\n\n\n<li>sp\u00e4teres Erscheinen im oder fr\u00fcheres Verlassens des Unterrichts f\u00fchrt zu h\u00e4ufigerer Auswahl.<\/li>\n<\/ul>\n<\/li>\n<\/ul>\n","protected":false},"excerpt":{"rendered":"<p>Hier sammle ich meinen Bedarf an Tools f\u00fcr die Online-Lehre. Ich stelle oft fest, dass ich ein paar Werkzeuge brauche, die es nicht so gibt, wie ich sie brauche. Falls du Tool kennst, die meinen Bedarf decken, melde dich bitte \u00fcber das Kontaktformular. Quiz \/ Aktivierungs-Tools Ich suche ein Werkzeug, mit dem ich meine Unterrichte [&hellip;]<\/p>\n","protected":false},"author":1,"featured_media":0,"parent":11,"menu_order":1,"comment_status":"closed","ping_status":"closed","template":"","meta":{"footnotes":""},"class_list":["post-1038","page","type-page","status-publish","hentry"],"yoast_head":"<!-- This site is optimized with the Yoast SEO plugin v25.6 - https:\/\/yoast.com\/wordpress\/plugins\/seo\/ -->\n<title>Tools, die ich gern h\u00e4tte &#8226; ScienceBear<\/title>\n<meta name=\"description\" content=\"Tools f\u00fcr die online-Lehre sind selten. Hiermit suche ich Tools, um Unterrichte so effizient und interessant wie m\u00f6glich zu gestalten.\" \/>\n<meta name=\"robots\" content=\"index, follow, max-snippet:-1, max-image-preview:large, max-video-preview:-1\" \/>\n<link rel=\"canonical\" href=\"https:\/\/sciencebear.info\/public\/andre-kleinschmidt\/lebenslauf\/tools\/\" \/>\n<meta property=\"og:locale\" content=\"de_DE\" \/>\n<meta property=\"og:type\" content=\"article\" \/>\n<meta property=\"og:title\" content=\"Tools, die ich gern h\u00e4tte &#8226; ScienceBear\" \/>\n<meta property=\"og:description\" content=\"Tools f\u00fcr die online-Lehre sind selten. Hiermit suche ich Tools, um Unterrichte so effizient und interessant wie m\u00f6glich zu gestalten.\" \/>\n<meta property=\"og:url\" content=\"https:\/\/sciencebear.info\/public\/andre-kleinschmidt\/lebenslauf\/tools\/\" \/>\n<meta property=\"og:site_name\" content=\"ScienceBear\" \/>\n<meta property=\"article:modified_time\" content=\"2022-11-30T11:53:21+00:00\" \/>\n<meta property=\"og:image\" content=\"https:\/\/sciencebear.info\/public\/wp-content\/uploads\/2015\/04\/rock-1839298_1920-e1566998263420.jpg\" \/>\n\t<meta property=\"og:image:width\" content=\"1920\" \/>\n\t<meta property=\"og:image:height\" content=\"480\" \/>\n\t<meta property=\"og:image:type\" content=\"image\/jpeg\" \/>\n<meta name=\"twitter:card\" content=\"summary_large_image\" \/>\n<meta name=\"twitter:site\" content=\"@andrek81\" \/>\n<meta name=\"twitter:label1\" content=\"Gesch\u00e4tzte Lesezeit\" \/>\n\t<meta name=\"twitter:data1\" content=\"2\u00a0Minuten\" \/>\n<script type=\"application\/ld+json\" class=\"yoast-schema-graph\">{\"@context\":\"https:\/\/schema.org\",\"@graph\":[{\"@type\":\"WebPage\",\"@id\":\"https:\/\/sciencebear.info\/public\/andre-kleinschmidt\/lebenslauf\/tools\/\",\"url\":\"https:\/\/sciencebear.info\/public\/andre-kleinschmidt\/lebenslauf\/tools\/\",\"name\":\"Tools, die ich gern h\u00e4tte &#8226; ScienceBear\",\"isPartOf\":{\"@id\":\"https:\/\/sciencebear.info\/public\/#website\"},\"datePublished\":\"2021-11-01T21:04:45+00:00\",\"dateModified\":\"2022-11-30T11:53:21+00:00\",\"description\":\"Tools f\u00fcr die online-Lehre sind selten. Hiermit suche ich Tools, um Unterrichte so effizient und interessant wie m\u00f6glich zu gestalten.\",\"breadcrumb\":{\"@id\":\"https:\/\/sciencebear.info\/public\/andre-kleinschmidt\/lebenslauf\/tools\/#breadcrumb\"},\"inLanguage\":\"de\",\"potentialAction\":[{\"@type\":\"ReadAction\",\"target\":[\"https:\/\/sciencebear.info\/public\/andre-kleinschmidt\/lebenslauf\/tools\/\"]}]},{\"@type\":\"BreadcrumbList\",\"@id\":\"https:\/\/sciencebear.info\/public\/andre-kleinschmidt\/lebenslauf\/tools\/#breadcrumb\",\"itemListElement\":[{\"@type\":\"ListItem\",\"position\":1,\"name\":\"Startseite\",\"item\":\"https:\/\/sciencebear.info\/public\/\"},{\"@type\":\"ListItem\",\"position\":2,\"name\":\"ScienceBear\",\"item\":\"https:\/\/sciencebear.info\/public\/\"},{\"@type\":\"ListItem\",\"position\":3,\"name\":\"Lebenslauf\",\"item\":\"https:\/\/sciencebear.info\/public\/andre-kleinschmidt\/lebenslauf\/\"},{\"@type\":\"ListItem\",\"position\":4,\"name\":\"Tools, die ich gern h\u00e4tte\"}]},{\"@type\":\"WebSite\",\"@id\":\"https:\/\/sciencebear.info\/public\/#website\",\"url\":\"https:\/\/sciencebear.info\/public\/\",\"name\":\"ScienceBear\",\"description\":\"Wer nur tut, was er kann, wird nie mehr, als er ist. (Ford)\",\"publisher\":{\"@id\":\"https:\/\/sciencebear.info\/public\/#\/schema\/person\/19e093ed91934636837b99b00f5d7640\"},\"potentialAction\":[{\"@type\":\"SearchAction\",\"target\":{\"@type\":\"EntryPoint\",\"urlTemplate\":\"https:\/\/sciencebear.info\/public\/?s={search_term_string}\"},\"query-input\":{\"@type\":\"PropertyValueSpecification\",\"valueRequired\":true,\"valueName\":\"search_term_string\"}}],\"inLanguage\":\"de\"},{\"@type\":[\"Person\",\"Organization\"],\"@id\":\"https:\/\/sciencebear.info\/public\/#\/schema\/person\/19e093ed91934636837b99b00f5d7640\",\"name\":\"Andr\u00e9\",\"image\":{\"@type\":\"ImageObject\",\"inLanguage\":\"de\",\"@id\":\"https:\/\/sciencebear.info\/public\/#\/schema\/person\/image\/\",\"url\":\"https:\/\/sciencebear.info\/public\/wp-content\/uploads\/2019\/07\/2019-07-09-Andr\u00e9.png\",\"contentUrl\":\"https:\/\/sciencebear.info\/public\/wp-content\/uploads\/2019\/07\/2019-07-09-Andr\u00e9.png\",\"width\":715,\"height\":971,\"caption\":\"Andr\u00e9\"},\"logo\":{\"@id\":\"https:\/\/sciencebear.info\/public\/#\/schema\/person\/image\/\"},\"description\":\"Developer\",\"sameAs\":[\"http:\/\/sciencebear.info\",\"https:\/\/www.instagram.com\/euro_bear\/\",\"https:\/\/www.linkedin.com\/in\/andre-sciencebear\/\",\"https:\/\/x.com\/andrek81\"]}]}<\/script>\n<!-- \/ Yoast SEO plugin. -->","yoast_head_json":{"title":"Tools, die ich gern h\u00e4tte &#8226; ScienceBear","description":"Tools f\u00fcr die online-Lehre sind selten. Hiermit suche ich Tools, um Unterrichte so effizient und interessant wie m\u00f6glich zu gestalten.","robots":{"index":"index","follow":"follow","max-snippet":"max-snippet:-1","max-image-preview":"max-image-preview:large","max-video-preview":"max-video-preview:-1"},"canonical":"https:\/\/sciencebear.info\/public\/andre-kleinschmidt\/lebenslauf\/tools\/","og_locale":"de_DE","og_type":"article","og_title":"Tools, die ich gern h\u00e4tte &#8226; ScienceBear","og_description":"Tools f\u00fcr die online-Lehre sind selten. Hiermit suche ich Tools, um Unterrichte so effizient und interessant wie m\u00f6glich zu gestalten.","og_url":"https:\/\/sciencebear.info\/public\/andre-kleinschmidt\/lebenslauf\/tools\/","og_site_name":"ScienceBear","article_modified_time":"2022-11-30T11:53:21+00:00","og_image":[{"width":1920,"height":480,"url":"https:\/\/sciencebear.info\/public\/wp-content\/uploads\/2015\/04\/rock-1839298_1920-e1566998263420.jpg","type":"image\/jpeg"}],"twitter_card":"summary_large_image","twitter_site":"@andrek81","twitter_misc":{"Gesch\u00e4tzte Lesezeit":"2\u00a0Minuten"},"schema":{"@context":"https:\/\/schema.org","@graph":[{"@type":"WebPage","@id":"https:\/\/sciencebear.info\/public\/andre-kleinschmidt\/lebenslauf\/tools\/","url":"https:\/\/sciencebear.info\/public\/andre-kleinschmidt\/lebenslauf\/tools\/","name":"Tools, die ich gern h\u00e4tte &#8226; ScienceBear","isPartOf":{"@id":"https:\/\/sciencebear.info\/public\/#website"},"datePublished":"2021-11-01T21:04:45+00:00","dateModified":"2022-11-30T11:53:21+00:00","description":"Tools f\u00fcr die online-Lehre sind selten. Hiermit suche ich Tools, um Unterrichte so effizient und interessant wie m\u00f6glich zu gestalten.","breadcrumb":{"@id":"https:\/\/sciencebear.info\/public\/andre-kleinschmidt\/lebenslauf\/tools\/#breadcrumb"},"inLanguage":"de","potentialAction":[{"@type":"ReadAction","target":["https:\/\/sciencebear.info\/public\/andre-kleinschmidt\/lebenslauf\/tools\/"]}]},{"@type":"BreadcrumbList","@id":"https:\/\/sciencebear.info\/public\/andre-kleinschmidt\/lebenslauf\/tools\/#breadcrumb","itemListElement":[{"@type":"ListItem","position":1,"name":"Startseite","item":"https:\/\/sciencebear.info\/public\/"},{"@type":"ListItem","position":2,"name":"ScienceBear","item":"https:\/\/sciencebear.info\/public\/"},{"@type":"ListItem","position":3,"name":"Lebenslauf","item":"https:\/\/sciencebear.info\/public\/andre-kleinschmidt\/lebenslauf\/"},{"@type":"ListItem","position":4,"name":"Tools, die ich gern h\u00e4tte"}]},{"@type":"WebSite","@id":"https:\/\/sciencebear.info\/public\/#website","url":"https:\/\/sciencebear.info\/public\/","name":"ScienceBear","description":"Wer nur tut, was er kann, wird nie mehr, als er ist. (Ford)","publisher":{"@id":"https:\/\/sciencebear.info\/public\/#\/schema\/person\/19e093ed91934636837b99b00f5d7640"},"potentialAction":[{"@type":"SearchAction","target":{"@type":"EntryPoint","urlTemplate":"https:\/\/sciencebear.info\/public\/?s={search_term_string}"},"query-input":{"@type":"PropertyValueSpecification","valueRequired":true,"valueName":"search_term_string"}}],"inLanguage":"de"},{"@type":["Person","Organization"],"@id":"https:\/\/sciencebear.info\/public\/#\/schema\/person\/19e093ed91934636837b99b00f5d7640","name":"Andr\u00e9","image":{"@type":"ImageObject","inLanguage":"de","@id":"https:\/\/sciencebear.info\/public\/#\/schema\/person\/image\/","url":"https:\/\/sciencebear.info\/public\/wp-content\/uploads\/2019\/07\/2019-07-09-Andr\u00e9.png","contentUrl":"https:\/\/sciencebear.info\/public\/wp-content\/uploads\/2019\/07\/2019-07-09-Andr\u00e9.png","width":715,"height":971,"caption":"Andr\u00e9"},"logo":{"@id":"https:\/\/sciencebear.info\/public\/#\/schema\/person\/image\/"},"description":"Developer","sameAs":["http:\/\/sciencebear.info","https:\/\/www.instagram.com\/euro_bear\/","https:\/\/www.linkedin.com\/in\/andre-sciencebear\/","https:\/\/x.com\/andrek81"]}]}},"_links":{"self":[{"href":"https:\/\/sciencebear.info\/public\/wp-json\/wp\/v2\/pages\/1038","targetHints":{"allow":["GET"]}}],"collection":[{"href":"https:\/\/sciencebear.info\/public\/wp-json\/wp\/v2\/pages"}],"about":[{"href":"https:\/\/sciencebear.info\/public\/wp-json\/wp\/v2\/types\/page"}],"author":[{"embeddable":true,"href":"https:\/\/sciencebear.info\/public\/wp-json\/wp\/v2\/users\/1"}],"replies":[{"embeddable":true,"href":"https:\/\/sciencebear.info\/public\/wp-json\/wp\/v2\/comments?post=1038"}],"version-history":[{"count":10,"href":"https:\/\/sciencebear.info\/public\/wp-json\/wp\/v2\/pages\/1038\/revisions"}],"predecessor-version":[{"id":1075,"href":"https:\/\/sciencebear.info\/public\/wp-json\/wp\/v2\/pages\/1038\/revisions\/1075"}],"up":[{"embeddable":true,"href":"https:\/\/sciencebear.info\/public\/wp-json\/wp\/v2\/pages\/11"}],"wp:attachment":[{"href":"https:\/\/sciencebear.info\/public\/wp-json\/wp\/v2\/media?parent=1038"}],"curies":[{"name":"wp","href":"https:\/\/api.w.org\/{rel}","templated":true}]}}