{"id":280,"date":"2017-08-29T14:29:28","date_gmt":"2017-08-29T13:29:28","guid":{"rendered":"http:\/\/sciencebear.info\/public\/?page_id=280"},"modified":"2022-12-05T12:54:55","modified_gmt":"2022-12-05T11:54:55","slug":"impressum","status":"publish","type":"page","link":"https:\/\/sciencebear.info\/public\/andre-kleinschmidt\/impressum\/","title":{"rendered":"Impressum &#038; Datenschutz"},"content":{"rendered":"\n<p>Hier stehen die n\u00f6tigen Pflichtangaben zu Impressum und Datenschutzerkl\u00e4rung, wie sie vom deutschen bzw. europ\u00e4ischen Amtsschimmel gefordert werden.<\/p>\n\n\n\n<p><strong>Hinweis:<\/strong> Ich akzeptiere keine Kostennotizen von hauptberuflich abmahnenden Anw\u00e4lten, ohne einen vorangehenden Versuch der neutralen <a href=\"http:\/\/sciencebear.info\/public\/kontakt\/\">Kontaktaufnahme<\/a> (Prozesskostenvermeidung).<\/p>\n\n\n\n<h2 class=\"wp-block-heading\" id=\"impressum\">Impressum<\/h2>\n\n\n\n<p>Die Angaben mache ich auf Grund des&nbsp;<a href=\"https:\/\/www.gesetze-im-internet.de\/tmg\/__5.html\">\u00a75 des Telemediengesetzes (TMG)<\/a>&nbsp;und im Sinne einer redaktionellen Urheberschaft aus dem&nbsp;<a href=\"http:\/\/www.urheberrecht.org\/law\/normen\/rstv\/RStV-13\/text\/2010_06.php3\">\u00a755 Abs. 2 Rundfunkstaatsvertrags (RStV)<\/a>&nbsp;(nicht pers\u00f6nlich\/famili\u00e4r).<\/p>\n\n\n\n<p>Verantwortlich f\u00fcr den Inhalt von <a href=\"http:\/\/sciencebear.info\/public\/\">Sciencebear.info<\/a>&nbsp;ist Andr\u00e9 Kleinschmidt, Bergstr. 9 04315 Leipzig.<\/p>\n\n\n\n<p>F\u00fcr die Inhalte verlinkter Seiten, sind deren Betreiber verantwortlich.<\/p>\n\n\n\n<p>Ich arbeite nebenberuflich als Selbstst\u00e4ndiger unter Regelung f\u00fcr Kleinunternehmer, deshalb kommen meine Rechnungen ohne Umsatzsteuer (\u00a719 UStG).\u00a0Die Nebeneinnahmen zeige ich unter\u00a0Steuernummer 232\/239\/05625 bei Finanzamt Leipzig I an.<\/p>\n\n\n\n<h2 class=\"wp-block-heading\" id=\"license\">Benutzte Medien<\/h2>\n\n\n\n<p>Die auf <a href=\"http:\/\/sciencebear.info\/public\/\">Sciencebear.info<\/a> benutzten Medien erstelle ich vorrangig selbst.&nbsp;Du kannst diese, mit Ausnahme des Logos, unter folgenden Bedingungen verwenden: <a href=\"https:\/\/creativecommons.org\/licenses\/by-sa\/3.0\/de\/\">CC BY SA 3.0<\/a><\/p>\n\n\n\n<ul class=\"wp-block-list\">\n<li><strong><abbr>SA<\/abbr><\/strong>&nbsp;(Share Alike): Um das Werk zu nutzen, musst Du es unter gleichen Bedingungen weitergeben.<\/li>\n\n\n\n<li><strong>BY<\/strong> : Du musst mich als Urheber nennen, wobei die Nennung der Domain <em>sciencebear.info<\/em> gen\u00fcgt.<\/li>\n<\/ul>\n\n\n\n<p>Ich kennzeichne Material aus anderen Quellen und gebe die Lizenz an, wenn sie mir bekannt ist. Wenn Du eine Verletzung Deiner Rechte feststellt, dann <a href=\"http:\/\/sciencebear.info\/public\/kontakt\/\">schreib mir<\/a>. Vielleicht hat jemand Dein Werk, ohne Kenntnis, unter anderer Lizenz in&#8217;s Netz gestellt.<\/p>\n\n\n\n<p>Die Bildnachweise f\u00fchren zu externen Seiten, die ich nicht kontrolliere:<\/p>\n\n\n\n<ul class=\"wp-block-list\">\n<li>das Keyboard im Lebenslauf ist von <a href=\"https:\/\/pixabay.com\/de\/users\/geralt-9301\/?utm_source=link-attribution&amp;utm_medium=referral&amp;utm_campaign=image&amp;utm_content=2113703\">Gerd Altmann<\/a> auf <a href=\"https:\/\/pixabay.com\/de\/?utm_source=link-attribution&amp;utm_medium=referral&amp;utm_campaign=image&amp;utm_content=2113703\">Pixabay<\/a><\/li>\n\n\n\n<li>die H\u00f6hle auf der Startseite stammt von <a href=\"https:\/\/pixabay.com\/de\/users\/Pexels-2286921\/?utm_source=link-attribution&amp;utm_medium=referral&amp;utm_campaign=image&amp;utm_content=1839298\">Pexels<\/a> auf <a href=\"https:\/\/pixabay.com\/de\/?utm_source=link-attribution&amp;utm_medium=referral&amp;utm_campaign=image&amp;utm_content=1839298\">Pixabay<\/a><\/li>\n\n\n\n<li>der Mastiff mit Brille und Buch stammt von <a href=\"https:\/\/pixabay.com\/de\/users\/947051-947051\/?utm_source=link-attribution&amp;utm_medium=referral&amp;utm_campaign=image&amp;utm_content=734689\">Jan Steiner<\/a> auf <a href=\"https:\/\/pixabay.com\/de\/?utm_source=link-attribution&amp;utm_medium=referral&amp;utm_campaign=image&amp;utm_content=734689\">Pixabay<\/a><\/li>\n\n\n\n<li>die Bibliothek der Uni La Trobe ist von <a href=\"https:\/\/pixabay.com\/de\/users\/andrew_t8-1822880\/?utm_source=link-attribution&amp;utm_medium=referral&amp;utm_campaign=image&amp;utm_content=1400313\">Andrew Tan<\/a> auf <a href=\"https:\/\/pixabay.com\/de\/?utm_source=link-attribution&amp;utm_medium=referral&amp;utm_campaign=image&amp;utm_content=1400313\">Pixabay<\/a><\/li>\n\n\n\n<li>die Workshopteilnehmer sind von <a href=\"https:\/\/pixabay.com\/de\/users\/StartupStockPhotos-690514\/?utm_source=link-attribution&amp;utm_medium=referral&amp;utm_campaign=image&amp;utm_content=594091\">StartupStockPhotos<\/a> auf <a href=\"https:\/\/pixabay.com\/de\/?utm_source=link-attribution&amp;utm_medium=referral&amp;utm_campaign=image&amp;utm_content=594091\">Pixabay<\/a><\/li>\n<\/ul>\n\n\n\n<h2 class=\"wp-block-heading\" id=\"data\">Datenschutzerkl\u00e4rung<\/h2>\n\n\n\n<p>Der Server schreibt ein Zugriffsprotokoll (access-log). Dieses enth\u00e4lt Datum, Uhrzeit, aufgerufene Adresse, Browser, und IP-Adresse des Besuchers. Das Protokoll werte ich nicht aus, obwohl das technisch m\u00f6glich w\u00e4re.&nbsp;Ich sammle <em>keine<\/em> Daten, um damit Profile von Besuchern zu erstellen.<\/p>\n\n\n\n<p>WordPress treibt diese Seite an. Durch die genannten Erweiterungen, werden deshalb ggf. zus\u00e4tzlich Cookies, und Skripte, wie WebFonts \u00fcber Google-API, eingebunden:<\/p>\n\n\n\n<ul class=\"wp-block-list\">\n<li>Ich benutze <a href=\"https:\/\/akismet.com\/tos\/\">Akismet<\/a>, damit die Seite vor Spam gesch\u00fctzt ist.<\/li>\n\n\n\n<li>Zur Suchmaschinenoptimierung l\u00e4uft das PlugIn Yoast SEO von <a href=\"https:\/\/yoa.st\/1uk\">Team Yoast<\/a>.<\/li>\n\n\n\n<li>F\u00fcr die zeitliche Planung von Beitr\u00e4gen: <a href=\"https:\/\/stresslimitdesign.com\/editorial-calendar-plugin\/\">WordPress Editorial Calendar<\/a><\/li>\n\n\n\n<li>Das Kontaktformular ist mit <a href=\"https:\/\/wpforms.com\">WPForms<\/a> realisiert.<\/li>\n<\/ul>\n\n\n\n<h3 class=\"wp-block-heading\">Verarbeitung personenbezogener Daten<\/h3>\n\n\n\n<p>Wenn Du \u00fcber ein <a href=\"http:\/\/sciencebear.info\/public\/kontakt\/\">Kontaktformular<\/a> oder E-Mail mit mir in Kontakt trittst, dann speichere und verarbeite ich von Dir Daten (Name, E-Mailadresse, Anliegen). Das Speichern ist aber, bis zum Wegfall eines Zwecks zur Datenverarbeitung begrenzt.<\/p>\n\n\n\n<p>Solche Zwecke sind, zum Beispiel:<\/p>\n\n\n\n<ul class=\"wp-block-list\">\n<li>Anfragen beantworten (Hinweise auf Lizenzverletzungen, Fehler auf der Seite),<\/li>\n\n\n\n<li>Angebote erstellen (Schulungen, wissenschaftliche Dienstleistungen, Beratung),<\/li>\n\n\n\n<li>Auftr\u00e4ge abwickeln und<\/li>\n\n\n\n<li>Rechnungen stellen.<\/li>\n<\/ul>\n\n\n\n<p><\/p>\n","protected":false},"excerpt":{"rendered":"<p>Hier stehen die n\u00f6tigen Pflichtangaben zu Impressum und Datenschutzerkl\u00e4rung, wie sie vom deutschen bzw. europ\u00e4ischen Amtsschimmel gefordert werden. Hinweis: Ich akzeptiere keine Kostennotizen von hauptberuflich abmahnenden Anw\u00e4lten, ohne einen vorangehenden Versuch der neutralen Kontaktaufnahme (Prozesskostenvermeidung). Impressum Die Angaben mache ich auf Grund des&nbsp;\u00a75 des Telemediengesetzes (TMG)&nbsp;und im Sinne einer redaktionellen Urheberschaft aus dem&nbsp;\u00a755 Abs. 2 [&hellip;]<\/p>\n","protected":false},"author":1,"featured_media":0,"parent":57,"menu_order":99,"comment_status":"closed","ping_status":"closed","template":"","meta":{"footnotes":""},"class_list":["post-280","page","type-page","status-publish","hentry"],"yoast_head":"<!-- This site is optimized with the Yoast SEO plugin v25.6 - https:\/\/yoast.com\/wordpress\/plugins\/seo\/ -->\n<title>Impressum und Datenschutzerkl\u00e4rung f\u00fcr Sciencebear.info<\/title>\n<meta name=\"description\" content=\"Im Impressum findest Du Pflichtangaben nach TMG, DSGVO, Steuer etc., Angaben zur Lizensierung von Medien und die Datenschutzerkl\u00e4rung.\" \/>\n<meta name=\"robots\" content=\"index, follow, max-snippet:-1, max-image-preview:large, max-video-preview:-1\" \/>\n<link rel=\"canonical\" href=\"https:\/\/sciencebear.info\/public\/andre-kleinschmidt\/impressum\/\" \/>\n<meta property=\"og:locale\" content=\"de_DE\" \/>\n<meta property=\"og:type\" content=\"article\" \/>\n<meta property=\"og:title\" content=\"Impressum und Datenschutzerkl\u00e4rung f\u00fcr Sciencebear.info\" \/>\n<meta property=\"og:description\" content=\"Im Impressum findest Du Pflichtangaben nach TMG, DSGVO, Steuer etc., Angaben zur Lizensierung von Medien und die Datenschutzerkl\u00e4rung.\" \/>\n<meta property=\"og:url\" content=\"https:\/\/sciencebear.info\/public\/andre-kleinschmidt\/impressum\/\" \/>\n<meta property=\"og:site_name\" content=\"ScienceBear\" \/>\n<meta property=\"article:modified_time\" content=\"2022-12-05T11:54:55+00:00\" \/>\n<meta property=\"og:image\" content=\"https:\/\/sciencebear.info\/public\/wp-content\/uploads\/2015\/04\/rock-1839298_1920-e1566998263420.jpg\" \/>\n\t<meta property=\"og:image:width\" content=\"1920\" \/>\n\t<meta property=\"og:image:height\" content=\"480\" \/>\n\t<meta property=\"og:image:type\" content=\"image\/jpeg\" \/>\n<meta name=\"twitter:card\" content=\"summary_large_image\" \/>\n<meta name=\"twitter:site\" content=\"@andrek81\" \/>\n<meta name=\"twitter:label1\" content=\"Gesch\u00e4tzte Lesezeit\" \/>\n\t<meta name=\"twitter:data1\" content=\"3\u00a0Minuten\" \/>\n<script type=\"application\/ld+json\" class=\"yoast-schema-graph\">{\"@context\":\"https:\/\/schema.org\",\"@graph\":[{\"@type\":\"WebPage\",\"@id\":\"https:\/\/sciencebear.info\/public\/andre-kleinschmidt\/impressum\/\",\"url\":\"https:\/\/sciencebear.info\/public\/andre-kleinschmidt\/impressum\/\",\"name\":\"Impressum und Datenschutzerkl\u00e4rung f\u00fcr Sciencebear.info\",\"isPartOf\":{\"@id\":\"https:\/\/sciencebear.info\/public\/#website\"},\"datePublished\":\"2017-08-29T13:29:28+00:00\",\"dateModified\":\"2022-12-05T11:54:55+00:00\",\"description\":\"Im Impressum findest Du Pflichtangaben nach TMG, DSGVO, Steuer etc., Angaben zur Lizensierung von Medien und die Datenschutzerkl\u00e4rung.\",\"breadcrumb\":{\"@id\":\"https:\/\/sciencebear.info\/public\/andre-kleinschmidt\/impressum\/#breadcrumb\"},\"inLanguage\":\"de\",\"potentialAction\":[{\"@type\":\"ReadAction\",\"target\":[\"https:\/\/sciencebear.info\/public\/andre-kleinschmidt\/impressum\/\"]}]},{\"@type\":\"BreadcrumbList\",\"@id\":\"https:\/\/sciencebear.info\/public\/andre-kleinschmidt\/impressum\/#breadcrumb\",\"itemListElement\":[{\"@type\":\"ListItem\",\"position\":1,\"name\":\"Startseite\",\"item\":\"https:\/\/sciencebear.info\/public\/\"},{\"@type\":\"ListItem\",\"position\":2,\"name\":\"ScienceBear\",\"item\":\"https:\/\/sciencebear.info\/public\/\"},{\"@type\":\"ListItem\",\"position\":3,\"name\":\"Impressum &#038; Datenschutz\"}]},{\"@type\":\"WebSite\",\"@id\":\"https:\/\/sciencebear.info\/public\/#website\",\"url\":\"https:\/\/sciencebear.info\/public\/\",\"name\":\"ScienceBear\",\"description\":\"Wer nur tut, was er kann, wird nie mehr, als er ist. (Ford)\",\"publisher\":{\"@id\":\"https:\/\/sciencebear.info\/public\/#\/schema\/person\/19e093ed91934636837b99b00f5d7640\"},\"potentialAction\":[{\"@type\":\"SearchAction\",\"target\":{\"@type\":\"EntryPoint\",\"urlTemplate\":\"https:\/\/sciencebear.info\/public\/?s={search_term_string}\"},\"query-input\":{\"@type\":\"PropertyValueSpecification\",\"valueRequired\":true,\"valueName\":\"search_term_string\"}}],\"inLanguage\":\"de\"},{\"@type\":[\"Person\",\"Organization\"],\"@id\":\"https:\/\/sciencebear.info\/public\/#\/schema\/person\/19e093ed91934636837b99b00f5d7640\",\"name\":\"Andr\u00e9\",\"image\":{\"@type\":\"ImageObject\",\"inLanguage\":\"de\",\"@id\":\"https:\/\/sciencebear.info\/public\/#\/schema\/person\/image\/\",\"url\":\"https:\/\/sciencebear.info\/public\/wp-content\/uploads\/2019\/07\/2019-07-09-Andr\u00e9.png\",\"contentUrl\":\"https:\/\/sciencebear.info\/public\/wp-content\/uploads\/2019\/07\/2019-07-09-Andr\u00e9.png\",\"width\":715,\"height\":971,\"caption\":\"Andr\u00e9\"},\"logo\":{\"@id\":\"https:\/\/sciencebear.info\/public\/#\/schema\/person\/image\/\"},\"description\":\"Developer\",\"sameAs\":[\"http:\/\/sciencebear.info\",\"https:\/\/www.instagram.com\/euro_bear\/\",\"https:\/\/www.linkedin.com\/in\/andre-sciencebear\/\",\"https:\/\/x.com\/andrek81\"]}]}<\/script>\n<!-- \/ Yoast SEO plugin. -->","yoast_head_json":{"title":"Impressum und Datenschutzerkl\u00e4rung f\u00fcr Sciencebear.info","description":"Im Impressum findest Du Pflichtangaben nach TMG, DSGVO, Steuer etc., Angaben zur Lizensierung von Medien und die Datenschutzerkl\u00e4rung.","robots":{"index":"index","follow":"follow","max-snippet":"max-snippet:-1","max-image-preview":"max-image-preview:large","max-video-preview":"max-video-preview:-1"},"canonical":"https:\/\/sciencebear.info\/public\/andre-kleinschmidt\/impressum\/","og_locale":"de_DE","og_type":"article","og_title":"Impressum und Datenschutzerkl\u00e4rung f\u00fcr Sciencebear.info","og_description":"Im Impressum findest Du Pflichtangaben nach TMG, DSGVO, Steuer etc., Angaben zur Lizensierung von Medien und die Datenschutzerkl\u00e4rung.","og_url":"https:\/\/sciencebear.info\/public\/andre-kleinschmidt\/impressum\/","og_site_name":"ScienceBear","article_modified_time":"2022-12-05T11:54:55+00:00","og_image":[{"width":1920,"height":480,"url":"https:\/\/sciencebear.info\/public\/wp-content\/uploads\/2015\/04\/rock-1839298_1920-e1566998263420.jpg","type":"image\/jpeg"}],"twitter_card":"summary_large_image","twitter_site":"@andrek81","twitter_misc":{"Gesch\u00e4tzte Lesezeit":"3\u00a0Minuten"},"schema":{"@context":"https:\/\/schema.org","@graph":[{"@type":"WebPage","@id":"https:\/\/sciencebear.info\/public\/andre-kleinschmidt\/impressum\/","url":"https:\/\/sciencebear.info\/public\/andre-kleinschmidt\/impressum\/","name":"Impressum und Datenschutzerkl\u00e4rung f\u00fcr Sciencebear.info","isPartOf":{"@id":"https:\/\/sciencebear.info\/public\/#website"},"datePublished":"2017-08-29T13:29:28+00:00","dateModified":"2022-12-05T11:54:55+00:00","description":"Im Impressum findest Du Pflichtangaben nach TMG, DSGVO, Steuer etc., Angaben zur Lizensierung von Medien und die Datenschutzerkl\u00e4rung.","breadcrumb":{"@id":"https:\/\/sciencebear.info\/public\/andre-kleinschmidt\/impressum\/#breadcrumb"},"inLanguage":"de","potentialAction":[{"@type":"ReadAction","target":["https:\/\/sciencebear.info\/public\/andre-kleinschmidt\/impressum\/"]}]},{"@type":"BreadcrumbList","@id":"https:\/\/sciencebear.info\/public\/andre-kleinschmidt\/impressum\/#breadcrumb","itemListElement":[{"@type":"ListItem","position":1,"name":"Startseite","item":"https:\/\/sciencebear.info\/public\/"},{"@type":"ListItem","position":2,"name":"ScienceBear","item":"https:\/\/sciencebear.info\/public\/"},{"@type":"ListItem","position":3,"name":"Impressum &#038; Datenschutz"}]},{"@type":"WebSite","@id":"https:\/\/sciencebear.info\/public\/#website","url":"https:\/\/sciencebear.info\/public\/","name":"ScienceBear","description":"Wer nur tut, was er kann, wird nie mehr, als er ist. (Ford)","publisher":{"@id":"https:\/\/sciencebear.info\/public\/#\/schema\/person\/19e093ed91934636837b99b00f5d7640"},"potentialAction":[{"@type":"SearchAction","target":{"@type":"EntryPoint","urlTemplate":"https:\/\/sciencebear.info\/public\/?s={search_term_string}"},"query-input":{"@type":"PropertyValueSpecification","valueRequired":true,"valueName":"search_term_string"}}],"inLanguage":"de"},{"@type":["Person","Organization"],"@id":"https:\/\/sciencebear.info\/public\/#\/schema\/person\/19e093ed91934636837b99b00f5d7640","name":"Andr\u00e9","image":{"@type":"ImageObject","inLanguage":"de","@id":"https:\/\/sciencebear.info\/public\/#\/schema\/person\/image\/","url":"https:\/\/sciencebear.info\/public\/wp-content\/uploads\/2019\/07\/2019-07-09-Andr\u00e9.png","contentUrl":"https:\/\/sciencebear.info\/public\/wp-content\/uploads\/2019\/07\/2019-07-09-Andr\u00e9.png","width":715,"height":971,"caption":"Andr\u00e9"},"logo":{"@id":"https:\/\/sciencebear.info\/public\/#\/schema\/person\/image\/"},"description":"Developer","sameAs":["http:\/\/sciencebear.info","https:\/\/www.instagram.com\/euro_bear\/","https:\/\/www.linkedin.com\/in\/andre-sciencebear\/","https:\/\/x.com\/andrek81"]}]}},"_links":{"self":[{"href":"https:\/\/sciencebear.info\/public\/wp-json\/wp\/v2\/pages\/280","targetHints":{"allow":["GET"]}}],"collection":[{"href":"https:\/\/sciencebear.info\/public\/wp-json\/wp\/v2\/pages"}],"about":[{"href":"https:\/\/sciencebear.info\/public\/wp-json\/wp\/v2\/types\/page"}],"author":[{"embeddable":true,"href":"https:\/\/sciencebear.info\/public\/wp-json\/wp\/v2\/users\/1"}],"replies":[{"embeddable":true,"href":"https:\/\/sciencebear.info\/public\/wp-json\/wp\/v2\/comments?post=280"}],"version-history":[{"count":22,"href":"https:\/\/sciencebear.info\/public\/wp-json\/wp\/v2\/pages\/280\/revisions"}],"predecessor-version":[{"id":1077,"href":"https:\/\/sciencebear.info\/public\/wp-json\/wp\/v2\/pages\/280\/revisions\/1077"}],"up":[{"embeddable":true,"href":"https:\/\/sciencebear.info\/public\/wp-json\/wp\/v2\/pages\/57"}],"wp:attachment":[{"href":"https:\/\/sciencebear.info\/public\/wp-json\/wp\/v2\/media?parent=280"}],"curies":[{"name":"wp","href":"https:\/\/api.w.org\/{rel}","templated":true}]}}