{"id":316,"date":"2017-08-30T13:34:08","date_gmt":"2017-08-30T12:34:08","guid":{"rendered":"http:\/\/sciencebear.info\/public\/?page_id=316"},"modified":"2025-08-06T11:41:57","modified_gmt":"2025-08-06T10:41:57","slug":"mitgliedschaften","status":"publish","type":"page","link":"https:\/\/sciencebear.info\/public\/andre-kleinschmidt\/lebenslauf\/mitgliedschaften\/","title":{"rendered":"Mitgliedschaften"},"content":{"rendered":"\n<p>Ich pflegte in verschiedenen Gruppierungen Mitgliedschaften. Inn jeder lernte ich interessante Menschen und neue Perspektiven kennen, die mich gepr\u00e4gt haben und mich wachsen lie\u00dfen.<\/p>\n\n\n\n<h2 class=\"wp-block-heading\">Mitgliedschaften<\/h2>\n\n\n\n<ul class=\"wp-block-list\">\n<li>seit 2011: <a href=\"https:\/\/www.rosalinde-leipzig.de\/\">Rosalinde e.V.<\/a> | Heute bin ich nur zahlendes Mitglied, ohne organisatorische Veranwortung oder inhaltliche Mitwirkung<\/li>\n<\/ul>\n\n\n\n<h2 class=\"wp-block-heading\">fr\u00fchere Mitgliedschaften<\/h2>\n\n\n\n<p>Ich war Mitglied in verschiedenen Organisationen, die mit <a href=\"https:\/\/sciencebear.info\/public\/sciencebear\/lebenslauf\/\">Beruf<\/a> oder geplanter Promotion zu tun hatten. In der Gesellschaft f\u00fcr Informatik wirkte ich im Leitungskreis der lokalen Regionalgruppe und im Arbeitskreis St\u00e4rkung mit.<\/p>\n\n\n\n<ul class=\"wp-block-list\">\n<li>2016-2022: <a href=\"http:\/\/germany.acm.org\/\">German Chapter of the ACM e.V.<\/a><\/li>\n\n\n\n<li>2015-2020: <a href=\"http:\/\/gi.de\/\">Gesellschaft f\u00fcr Informatik (GI) e.V.<\/a>\n<ul class=\"wp-block-list\">\n<li>Leitungskreis der <a href=\"http:\/\/rg-leipzig.gi.de\/\">Regionalgruppe Leipzig \/ Mitteldeutschland<\/a> (ab Mai 2016)\n<ul class=\"wp-block-list\">\n<li>Ich pflegte\u00a0Kalender und Pressemitteilungen im CMSystem\u00a0(<a href=\"https:\/\/typo3.org\/\">Typo3<\/a>) der RG.<\/li>\n\n\n\n<li>F\u00fcr Mitglieder der RG verfasste ich redaktionelle Gruppennachrichten.<\/li>\n\n\n\n<li>Ich bespielte den <a href=\"https:\/\/twitter.com\/RGLeipzig\">Twitter-Account<\/a>\u00a0und die <a href=\"https:\/\/www.facebook.com\/rgleipzig\/\">Facebook-Seite<\/a> der RG<\/li>\n\n\n\n<li>F\u00fcr IT-Studenten organisierten wir das <a href=\"http:\/\/rg-leipzig.gi.de\/it-jobtoberfest-2017.html\">IT-Jobtoberfest 2017<\/a>. <\/li>\n<\/ul>\n<\/li>\n\n\n\n<li>Pr\u00e4sidiums-Arbeitskreis <em>St\u00e4rkung der GI<\/em>\n<ul class=\"wp-block-list\">\n<li>Wir entwickeln Konzepte f\u00fcr Marketing und Mitgliedergewinnung, die dem Pr\u00e4sidium vorgeschlagen werden.  <\/li>\n\n\n\n<li>Der AK analysiert die Struktur der Mitglieder und f\u00fchrt Befragungen durch, um die Angebote der GI auf die Bed\u00fcrfnisse der Mitglieder auszurichten.<\/li>\n<\/ul>\n<\/li>\n<\/ul>\n<\/li>\n\n\n\n<li>2014-2020: (ex officio) <a href=\"http:\/\/zki.de\/\">Zentren f\u00fcr Kommunikation und Informationsverarbeitung (ZKI) e.V.<\/a>\n<ul class=\"wp-block-list\">\n<li><a href=\"https:\/\/www.zki.de\/arbeitskreise\/campus-management\/\">Arbeitskreis Campusmanagement (AK CM)<\/a>\n<ul class=\"wp-block-list\">\n<li>Der Arbeitskreis f\u00f6rdert den Wissenstransfer zwischen Akteuren von Hochschulverwaltungen und Rechenzentren um die Themen der Verwaltung und ihrer Digitalisierung, Projektmanagement, Servicebereitstellung, hierzu treffen wir uns zu regelm\u00e4\u00dfigen Tagungen an wechselnden Orten.<\/li>\n<\/ul>\n<\/li>\n\n\n\n<li><a href=\"https:\/\/www.zki.de\/arbeitskreise\/campus-management\/user-groups\/#c11555\">Datenlotsen User Group (DUG)<\/a>\n<ul class=\"wp-block-list\">\n<li>Um das Produkt CampusNet m\u00f6glichst effizient einzusetzen und an andere Systeme anzubinden, tauschen sich die Hochschulverantwortlichen, die ebenfalls CampusNet einsetzen, gerade einf\u00fchren (oder davon abspringen) regelm\u00e4\u00dfig aus.<\/li>\n<\/ul>\n<\/li>\n<\/ul>\n<\/li>\n<\/ul>\n\n\n\n<ul class=\"wp-block-list\">\n<li>2008-2013: <a aria-label=\" (\u00f6ffnet in neuem Tab)\" href=\"http:\/\/ba-hu.de\" target=\"_blank\" rel=\"noreferrer noopener\">Ba-Hu Elferrat e.V.<\/a>\n<ul class=\"wp-block-list\">\n<li>Als Vorstand verantwortlich f\u00fcr interne (Hochschule) und externe (Presse) \u00d6ffentlichkeitsarbeit<\/li>\n<\/ul>\n<\/li>\n\n\n\n<li>2009-2013: <a aria-label=\" (\u00f6ffnet in neuem Tab)\" href=\"https:\/\/portal.imn.htwk-leipzig.de\/fakultaet\/fachschaftsrat\" target=\"_blank\" rel=\"noreferrer noopener\">Fachschaftsrat<\/a>, Fakult\u00e4t IMN, HTWK Leipzig\n<ul class=\"wp-block-list\">\n<li>Vertreter der damaligen Fakult\u00e4t IMN, im Studierendenrat<\/li>\n\n\n\n<li>Kassenwart der Bargeldbest\u00e4nde des FSR<\/li>\n\n\n\n<li>Mentor f\u00fcr Studienanf\u00e4nger<\/li>\n\n\n\n<li>Gestalter von Flyern und Plakaten f\u00fcr Veranstaltungen<\/li>\n<\/ul>\n<\/li>\n\n\n\n<li>2008-2011: <a aria-label=\" (\u00f6ffnet in neuem Tab)\" href=\"https:\/\/stura.htwk-leipzig.de\/de\/\" target=\"_blank\" rel=\"noreferrer noopener\">Studentenrat der HTWK Leipzig<\/a>\n<ul class=\"wp-block-list\">\n<li>Als Referent f\u00fcr Veranstaltungen verantwortlich f\u00fcr das PA-Equipment des Studentenrates und die Koordinierung von Terminen zwischen verschiedenen Akteuren der Hochschule.<\/li>\n\n\n\n<li>Als Co-Referent 1.0 (Semester-Kalender) \u00dcbernahme von redaktionellen T\u00e4tigkeiten<\/li>\n<\/ul>\n<\/li>\n<\/ul>\n\n\n\n<h2 class=\"wp-block-heading\">Online-Gemeinschaften<\/h2>\n\n\n\n<ul class=\"wp-block-list\">\n<li><a href=\"https:\/\/www.linkedin.com\/in\/andre-kleinschmidt-6001b318b\/\">LinkedIn<\/a> (aktiv)<\/li>\n\n\n\n<li><a href=\"https:\/\/www.xing.com\/profile\/Andre_Kleinschmidt3\">Xing<\/a>\u00a0(semi aktiv)<\/li>\n\n\n\n<li><a aria-label=\" (\u00f6ffnet in neuem Tab)\" href=\"http:\/\/www.researchgate.net\/profile\/Andre_Kleinschmidt2\" target=\"_blank\" rel=\"noreferrer noopener\">ResearchGate<\/a>\u00a0(semi aktiv)<\/li>\n\n\n\n<li><a href=\"http:\/\/orcid.org\/0000-0002-6709-7447\">ORCID<\/a>\u00a0(Aktualisierung nach Ver\u00f6ffentlichungen)<\/li>\n\n\n\n<li><a href=\"https:\/\/www.get-in-IT.de\/profil\/56effa5d1679\">Get in (IT)<\/a> (Aktualsierung bei Ver\u00e4nderungen)<\/li>\n<\/ul>\n\n\n\n<p><\/p>\n","protected":false},"excerpt":{"rendered":"<p>Ich pflegte in verschiedenen Gruppierungen Mitgliedschaften. Inn jeder lernte ich interessante Menschen und neue Perspektiven kennen, die mich gepr\u00e4gt haben und mich wachsen lie\u00dfen. Mitgliedschaften fr\u00fchere Mitgliedschaften Ich war Mitglied in verschiedenen Organisationen, die mit Beruf oder geplanter Promotion zu tun hatten. In der Gesellschaft f\u00fcr Informatik wirkte ich im Leitungskreis der lokalen Regionalgruppe und [&hellip;]<\/p>\n","protected":false},"author":1,"featured_media":0,"parent":11,"menu_order":5,"comment_status":"closed","ping_status":"closed","template":"","meta":{"footnotes":""},"class_list":["post-316","page","type-page","status-publish","hentry"],"yoast_head":"<!-- This site is optimized with the Yoast SEO plugin v25.6 - https:\/\/yoast.com\/wordpress\/plugins\/seo\/ -->\n<title>Mitgliedschaften in Vereinen, Gremien und anderen Communities.<\/title>\n<meta name=\"description\" content=\"Mitgliedschaften in Vereinen, Gremien und Communities sind ein gro\u00dfartiger Weg pers\u00f6nliche Netzwerke aufzubauen und zu pflegen.\" \/>\n<meta name=\"robots\" content=\"index, follow, max-snippet:-1, max-image-preview:large, max-video-preview:-1\" \/>\n<link rel=\"canonical\" href=\"https:\/\/sciencebear.info\/public\/andre-kleinschmidt\/lebenslauf\/mitgliedschaften\/\" \/>\n<meta property=\"og:locale\" content=\"de_DE\" \/>\n<meta property=\"og:type\" content=\"article\" \/>\n<meta property=\"og:title\" content=\"Mitgliedschaften in Vereinen, Gremien und anderen Communities.\" \/>\n<meta property=\"og:description\" content=\"Mitgliedschaften in Vereinen, Gremien und Communities sind ein gro\u00dfartiger Weg pers\u00f6nliche Netzwerke aufzubauen und zu pflegen.\" \/>\n<meta property=\"og:url\" content=\"https:\/\/sciencebear.info\/public\/andre-kleinschmidt\/lebenslauf\/mitgliedschaften\/\" \/>\n<meta property=\"og:site_name\" content=\"ScienceBear\" \/>\n<meta property=\"article:modified_time\" content=\"2025-08-06T10:41:57+00:00\" \/>\n<meta property=\"og:image\" content=\"https:\/\/sciencebear.info\/public\/wp-content\/uploads\/2015\/04\/rock-1839298_1920-e1566998263420.jpg\" \/>\n\t<meta property=\"og:image:width\" content=\"1920\" \/>\n\t<meta property=\"og:image:height\" content=\"480\" \/>\n\t<meta property=\"og:image:type\" content=\"image\/jpeg\" \/>\n<meta name=\"twitter:card\" content=\"summary_large_image\" \/>\n<meta name=\"twitter:site\" content=\"@andrek81\" \/>\n<meta name=\"twitter:label1\" content=\"Gesch\u00e4tzte Lesezeit\" \/>\n\t<meta name=\"twitter:data1\" content=\"2\u00a0Minuten\" \/>\n<script type=\"application\/ld+json\" class=\"yoast-schema-graph\">{\"@context\":\"https:\/\/schema.org\",\"@graph\":[{\"@type\":\"WebPage\",\"@id\":\"https:\/\/sciencebear.info\/public\/andre-kleinschmidt\/lebenslauf\/mitgliedschaften\/\",\"url\":\"https:\/\/sciencebear.info\/public\/andre-kleinschmidt\/lebenslauf\/mitgliedschaften\/\",\"name\":\"Mitgliedschaften in Vereinen, Gremien und anderen Communities.\",\"isPartOf\":{\"@id\":\"https:\/\/sciencebear.info\/public\/#website\"},\"datePublished\":\"2017-08-30T12:34:08+00:00\",\"dateModified\":\"2025-08-06T10:41:57+00:00\",\"description\":\"Mitgliedschaften in Vereinen, Gremien und Communities sind ein gro\u00dfartiger Weg pers\u00f6nliche Netzwerke aufzubauen und zu pflegen.\",\"breadcrumb\":{\"@id\":\"https:\/\/sciencebear.info\/public\/andre-kleinschmidt\/lebenslauf\/mitgliedschaften\/#breadcrumb\"},\"inLanguage\":\"de\",\"potentialAction\":[{\"@type\":\"ReadAction\",\"target\":[\"https:\/\/sciencebear.info\/public\/andre-kleinschmidt\/lebenslauf\/mitgliedschaften\/\"]}]},{\"@type\":\"BreadcrumbList\",\"@id\":\"https:\/\/sciencebear.info\/public\/andre-kleinschmidt\/lebenslauf\/mitgliedschaften\/#breadcrumb\",\"itemListElement\":[{\"@type\":\"ListItem\",\"position\":1,\"name\":\"Startseite\",\"item\":\"https:\/\/sciencebear.info\/public\/\"},{\"@type\":\"ListItem\",\"position\":2,\"name\":\"ScienceBear\",\"item\":\"https:\/\/sciencebear.info\/public\/\"},{\"@type\":\"ListItem\",\"position\":3,\"name\":\"Lebenslauf\",\"item\":\"https:\/\/sciencebear.info\/public\/andre-kleinschmidt\/lebenslauf\/\"},{\"@type\":\"ListItem\",\"position\":4,\"name\":\"Mitgliedschaften\"}]},{\"@type\":\"WebSite\",\"@id\":\"https:\/\/sciencebear.info\/public\/#website\",\"url\":\"https:\/\/sciencebear.info\/public\/\",\"name\":\"ScienceBear\",\"description\":\"Wer nur tut, was er kann, wird nie mehr, als er ist. (Ford)\",\"publisher\":{\"@id\":\"https:\/\/sciencebear.info\/public\/#\/schema\/person\/19e093ed91934636837b99b00f5d7640\"},\"potentialAction\":[{\"@type\":\"SearchAction\",\"target\":{\"@type\":\"EntryPoint\",\"urlTemplate\":\"https:\/\/sciencebear.info\/public\/?s={search_term_string}\"},\"query-input\":{\"@type\":\"PropertyValueSpecification\",\"valueRequired\":true,\"valueName\":\"search_term_string\"}}],\"inLanguage\":\"de\"},{\"@type\":[\"Person\",\"Organization\"],\"@id\":\"https:\/\/sciencebear.info\/public\/#\/schema\/person\/19e093ed91934636837b99b00f5d7640\",\"name\":\"Andr\u00e9\",\"image\":{\"@type\":\"ImageObject\",\"inLanguage\":\"de\",\"@id\":\"https:\/\/sciencebear.info\/public\/#\/schema\/person\/image\/\",\"url\":\"https:\/\/sciencebear.info\/public\/wp-content\/uploads\/2019\/07\/2019-07-09-Andr\u00e9.png\",\"contentUrl\":\"https:\/\/sciencebear.info\/public\/wp-content\/uploads\/2019\/07\/2019-07-09-Andr\u00e9.png\",\"width\":715,\"height\":971,\"caption\":\"Andr\u00e9\"},\"logo\":{\"@id\":\"https:\/\/sciencebear.info\/public\/#\/schema\/person\/image\/\"},\"description\":\"Developer\",\"sameAs\":[\"http:\/\/sciencebear.info\",\"https:\/\/www.instagram.com\/euro_bear\/\",\"https:\/\/www.linkedin.com\/in\/andre-sciencebear\/\",\"https:\/\/x.com\/andrek81\"]}]}<\/script>\n<!-- \/ Yoast SEO plugin. -->","yoast_head_json":{"title":"Mitgliedschaften in Vereinen, Gremien und anderen Communities.","description":"Mitgliedschaften in Vereinen, Gremien und Communities sind ein gro\u00dfartiger Weg pers\u00f6nliche Netzwerke aufzubauen und zu pflegen.","robots":{"index":"index","follow":"follow","max-snippet":"max-snippet:-1","max-image-preview":"max-image-preview:large","max-video-preview":"max-video-preview:-1"},"canonical":"https:\/\/sciencebear.info\/public\/andre-kleinschmidt\/lebenslauf\/mitgliedschaften\/","og_locale":"de_DE","og_type":"article","og_title":"Mitgliedschaften in Vereinen, Gremien und anderen Communities.","og_description":"Mitgliedschaften in Vereinen, Gremien und Communities sind ein gro\u00dfartiger Weg pers\u00f6nliche Netzwerke aufzubauen und zu pflegen.","og_url":"https:\/\/sciencebear.info\/public\/andre-kleinschmidt\/lebenslauf\/mitgliedschaften\/","og_site_name":"ScienceBear","article_modified_time":"2025-08-06T10:41:57+00:00","og_image":[{"width":1920,"height":480,"url":"https:\/\/sciencebear.info\/public\/wp-content\/uploads\/2015\/04\/rock-1839298_1920-e1566998263420.jpg","type":"image\/jpeg"}],"twitter_card":"summary_large_image","twitter_site":"@andrek81","twitter_misc":{"Gesch\u00e4tzte Lesezeit":"2\u00a0Minuten"},"schema":{"@context":"https:\/\/schema.org","@graph":[{"@type":"WebPage","@id":"https:\/\/sciencebear.info\/public\/andre-kleinschmidt\/lebenslauf\/mitgliedschaften\/","url":"https:\/\/sciencebear.info\/public\/andre-kleinschmidt\/lebenslauf\/mitgliedschaften\/","name":"Mitgliedschaften in Vereinen, Gremien und anderen Communities.","isPartOf":{"@id":"https:\/\/sciencebear.info\/public\/#website"},"datePublished":"2017-08-30T12:34:08+00:00","dateModified":"2025-08-06T10:41:57+00:00","description":"Mitgliedschaften in Vereinen, Gremien und Communities sind ein gro\u00dfartiger Weg pers\u00f6nliche Netzwerke aufzubauen und zu pflegen.","breadcrumb":{"@id":"https:\/\/sciencebear.info\/public\/andre-kleinschmidt\/lebenslauf\/mitgliedschaften\/#breadcrumb"},"inLanguage":"de","potentialAction":[{"@type":"ReadAction","target":["https:\/\/sciencebear.info\/public\/andre-kleinschmidt\/lebenslauf\/mitgliedschaften\/"]}]},{"@type":"BreadcrumbList","@id":"https:\/\/sciencebear.info\/public\/andre-kleinschmidt\/lebenslauf\/mitgliedschaften\/#breadcrumb","itemListElement":[{"@type":"ListItem","position":1,"name":"Startseite","item":"https:\/\/sciencebear.info\/public\/"},{"@type":"ListItem","position":2,"name":"ScienceBear","item":"https:\/\/sciencebear.info\/public\/"},{"@type":"ListItem","position":3,"name":"Lebenslauf","item":"https:\/\/sciencebear.info\/public\/andre-kleinschmidt\/lebenslauf\/"},{"@type":"ListItem","position":4,"name":"Mitgliedschaften"}]},{"@type":"WebSite","@id":"https:\/\/sciencebear.info\/public\/#website","url":"https:\/\/sciencebear.info\/public\/","name":"ScienceBear","description":"Wer nur tut, was er kann, wird nie mehr, als er ist. (Ford)","publisher":{"@id":"https:\/\/sciencebear.info\/public\/#\/schema\/person\/19e093ed91934636837b99b00f5d7640"},"potentialAction":[{"@type":"SearchAction","target":{"@type":"EntryPoint","urlTemplate":"https:\/\/sciencebear.info\/public\/?s={search_term_string}"},"query-input":{"@type":"PropertyValueSpecification","valueRequired":true,"valueName":"search_term_string"}}],"inLanguage":"de"},{"@type":["Person","Organization"],"@id":"https:\/\/sciencebear.info\/public\/#\/schema\/person\/19e093ed91934636837b99b00f5d7640","name":"Andr\u00e9","image":{"@type":"ImageObject","inLanguage":"de","@id":"https:\/\/sciencebear.info\/public\/#\/schema\/person\/image\/","url":"https:\/\/sciencebear.info\/public\/wp-content\/uploads\/2019\/07\/2019-07-09-Andr\u00e9.png","contentUrl":"https:\/\/sciencebear.info\/public\/wp-content\/uploads\/2019\/07\/2019-07-09-Andr\u00e9.png","width":715,"height":971,"caption":"Andr\u00e9"},"logo":{"@id":"https:\/\/sciencebear.info\/public\/#\/schema\/person\/image\/"},"description":"Developer","sameAs":["http:\/\/sciencebear.info","https:\/\/www.instagram.com\/euro_bear\/","https:\/\/www.linkedin.com\/in\/andre-sciencebear\/","https:\/\/x.com\/andrek81"]}]}},"_links":{"self":[{"href":"https:\/\/sciencebear.info\/public\/wp-json\/wp\/v2\/pages\/316","targetHints":{"allow":["GET"]}}],"collection":[{"href":"https:\/\/sciencebear.info\/public\/wp-json\/wp\/v2\/pages"}],"about":[{"href":"https:\/\/sciencebear.info\/public\/wp-json\/wp\/v2\/types\/page"}],"author":[{"embeddable":true,"href":"https:\/\/sciencebear.info\/public\/wp-json\/wp\/v2\/users\/1"}],"replies":[{"embeddable":true,"href":"https:\/\/sciencebear.info\/public\/wp-json\/wp\/v2\/comments?post=316"}],"version-history":[{"count":21,"href":"https:\/\/sciencebear.info\/public\/wp-json\/wp\/v2\/pages\/316\/revisions"}],"predecessor-version":[{"id":1120,"href":"https:\/\/sciencebear.info\/public\/wp-json\/wp\/v2\/pages\/316\/revisions\/1120"}],"up":[{"embeddable":true,"href":"https:\/\/sciencebear.info\/public\/wp-json\/wp\/v2\/pages\/11"}],"wp:attachment":[{"href":"https:\/\/sciencebear.info\/public\/wp-json\/wp\/v2\/media?parent=316"}],"curies":[{"name":"wp","href":"https:\/\/api.w.org\/{rel}","templated":true}]}}