{"id":419,"date":"2017-09-21T12:53:49","date_gmt":"2017-09-21T11:53:49","guid":{"rendered":"http:\/\/sciencebear.info\/public\/?page_id=419"},"modified":"2021-09-27T22:20:47","modified_gmt":"2021-09-27T21:20:47","slug":"egovernment","status":"publish","type":"page","link":"https:\/\/sciencebear.info\/public\/sammlungen\/egovernment\/","title":{"rendered":"eGovernment &#8211; Sammlung"},"content":{"rendered":"\n<p>Dies ist eine lose Quellensammlung zu meinem Interessenbereich eGovernment. Dabei kann sich das Government ebenso auf digital ablaufende Steuerung in Unternehmen beziehen, wie auch in Beh\u00f6rden oder \u00e4hnlichen Organisationsstrukturen (etwa Hochschulen). Ich habe eine Weile in einer Hochschulverwaltung gearbeitet und kam daher beruflich mit diesem Themenfeld in Ber\u00fchrung.<\/p>\n\n\n\n<p>Die Liste wird nicht aktiv weiter gepflegt, da ich mein Berufsfeld gewechselt habe. Was ich aktuell mache kannst Du im <a href=\"https:\/\/sciencebear.info\/public\/andre-kleinschmidt\/lebenslauf\/\">Lebenslauf<\/a> nachlesen.<\/p>\n\n\n\n<h2 class=\"wp-block-heading\">eGovernment in Print<\/h2>\n\n\n\n<p>Hierunter z\u00e4hle ich sowohl Hochschulschriften, die ggf. nur in Bibliothekskatalogen verf\u00fcgbar sind, genauso wie regul\u00e4r erschienene Verlagswerke.<\/p>\n\n\n\n<h3 class=\"wp-block-heading\">Hochschulschriften<\/h3>\n\n\n\n<ul class=\"wp-block-list\"><li>Christian Welzel: <a href=\"http:\/\/bis.informatik.uni-leipzig.de\/de\/Abschlussarbeiten\/2006\/ChristianWelzel?v=34w\">Entwicklung einer dom\u00e4nenspezifischen Modellierungssprache f\u00fcr&nbsp;die Prozesssteuerung von&nbsp;OSCI-XMeld<\/a><\/li><\/ul>\n\n\n\n<h3 class=\"wp-block-heading\">Monografien<\/h3>\n\n\n\n<ul class=\"wp-block-list\"><li><a href=\"https:\/\/www.morebooks.de\/store\/de\/book\/modellgetriebene-softwareentwicklung-im-e-government\/isbn\/978-3-639-01026-8\">Modellgetriebene Softwareentwicklung im E-Government &#8211; Entwicklung einer dom\u00e4nenspezifischen Modellierungssprache f\u00fcr das Meldewesen<\/a><\/li><\/ul>\n\n\n\n<h2 class=\"wp-block-heading\">Rechtsquellen<\/h2>\n\n\n\n<ul class=\"wp-block-list\"><li><a href=\"https:\/\/www.gesetze-im-internet.de\/ozg\/BJNR313800017.html\">Gesetz zur Verbesserung des Onlinezugangs zu Verwaltungsleistungen\u00a0(Onlinezugangsgesetz &#8211; OZG)<\/a><ul><li>Kernaussage ist ist, dass alle Dienste \u00f6ffentlicher Stellen bis 2022 online &#8211; ohne Medienbruch &#8211; angeboten werden.<\/li><\/ul><\/li><li><a href=\"https:\/\/www.gesetze-im-internet.de\/erechv\/BJNR355500017.html\">Verordnung \u00fcber die elektronische Rechnungsstellung im \u00f6ffentlichen Auftragswesen des Bundes (E-Rechnungs-Verordnung \u2013 E-Rech-VO)<\/a><ul><li>Kerninhalt: Wer Lieferungen und Leistungen von \u00f6ffentlichen Auftr\u00e4gen abgerechnet, muss daf\u00fcr <a href=\"#online\">XRechnung<\/a> als digitalen Standard f\u00fcr Rechnungsstellung nutzen.<\/li><\/ul><\/li><\/ul>\n\n\n\n<h2 class=\"wp-block-heading\" id=\"online\">eGovernment Online<\/h2>\n\n\n\n<p>Diese Liste muss wohl sp\u00e4testens seit Corona stark erweitert werden, denn immerhin eine gute Folge von Corona ist wohl, dass es viele Digitalisierungsvorhaben nach vorne gebracht hat.<\/p>\n\n\n\n<ul class=\"wp-block-list\"><li><a href=\"https:\/\/agile-verwaltung.org\/was-bedeutet-agile-verwaltung\/was-heisst-agile-verwaltung\/\">Agile Verwaltung<\/a> (Forum agile Verwaltung e.V.)<\/li><li><a href=\"https:\/\/amt24.sachsen.de\/de\">amt24.sachsen.de<\/a> (Sachsens Portal zur Bereitstellung von kommunalen Services \u00fcber Internet, im Aufbau befindlich)<\/li><li><a href=\"https:\/\/www.xoev.de\/de\/xrechnung\">Seite \u00fcber XRechnung<\/a> der Koordinierungsstelle f\u00fcr IT-Standards<\/li><\/ul>\n","protected":false},"excerpt":{"rendered":"<p>Dies ist eine lose Quellensammlung zu meinem Interessenbereich eGovernment. Dabei kann sich das Government ebenso auf digital ablaufende Steuerung in Unternehmen beziehen, wie auch in Beh\u00f6rden oder \u00e4hnlichen Organisationsstrukturen (etwa Hochschulen). Ich habe eine Weile in einer Hochschulverwaltung gearbeitet und kam daher beruflich mit diesem Themenfeld in Ber\u00fchrung. Die Liste wird nicht aktiv weiter gepflegt, [&hellip;]<\/p>\n","protected":false},"author":1,"featured_media":0,"parent":380,"menu_order":0,"comment_status":"closed","ping_status":"closed","template":"","meta":{"footnotes":""},"class_list":["post-419","page","type-page","status-publish","hentry"],"yoast_head":"<!-- This site is optimized with the Yoast SEO plugin v25.6 - https:\/\/yoast.com\/wordpress\/plugins\/seo\/ -->\n<title>eGovernment - Sammlung &#8226; ScienceBear<\/title>\n<meta name=\"description\" content=\"Hier findest Du eine Sammlung von Ver\u00f6ffentlichungen, Gesetzen oder Publikationen im Themenbereich eGovernment, Digitalisierung, Verwaltung\" \/>\n<meta name=\"robots\" content=\"index, follow, max-snippet:-1, max-image-preview:large, max-video-preview:-1\" \/>\n<link rel=\"canonical\" href=\"https:\/\/sciencebear.info\/public\/sammlungen\/egovernment\/\" \/>\n<meta property=\"og:locale\" content=\"de_DE\" \/>\n<meta property=\"og:type\" content=\"article\" \/>\n<meta property=\"og:title\" content=\"eGovernment - Sammlung &#8226; ScienceBear\" \/>\n<meta property=\"og:description\" content=\"Hier findest Du eine Sammlung von Ver\u00f6ffentlichungen, Gesetzen oder Publikationen im Themenbereich eGovernment, Digitalisierung, Verwaltung\" \/>\n<meta property=\"og:url\" content=\"https:\/\/sciencebear.info\/public\/sammlungen\/egovernment\/\" \/>\n<meta property=\"og:site_name\" content=\"ScienceBear\" \/>\n<meta property=\"article:modified_time\" content=\"2021-09-27T21:20:47+00:00\" \/>\n<meta property=\"og:image\" content=\"https:\/\/sciencebear.info\/public\/wp-content\/uploads\/2015\/04\/rock-1839298_1920-e1566998263420.jpg\" \/>\n\t<meta property=\"og:image:width\" content=\"1920\" \/>\n\t<meta property=\"og:image:height\" content=\"480\" \/>\n\t<meta property=\"og:image:type\" content=\"image\/jpeg\" \/>\n<meta name=\"twitter:card\" content=\"summary_large_image\" \/>\n<meta name=\"twitter:site\" content=\"@andrek81\" \/>\n<meta name=\"twitter:label1\" content=\"Gesch\u00e4tzte Lesezeit\" \/>\n\t<meta name=\"twitter:data1\" content=\"1\u00a0Minute\" \/>\n<script type=\"application\/ld+json\" class=\"yoast-schema-graph\">{\"@context\":\"https:\/\/schema.org\",\"@graph\":[{\"@type\":\"WebPage\",\"@id\":\"https:\/\/sciencebear.info\/public\/sammlungen\/egovernment\/\",\"url\":\"https:\/\/sciencebear.info\/public\/sammlungen\/egovernment\/\",\"name\":\"eGovernment - Sammlung &#8226; ScienceBear\",\"isPartOf\":{\"@id\":\"https:\/\/sciencebear.info\/public\/#website\"},\"datePublished\":\"2017-09-21T11:53:49+00:00\",\"dateModified\":\"2021-09-27T21:20:47+00:00\",\"description\":\"Hier findest Du eine Sammlung von Ver\u00f6ffentlichungen, Gesetzen oder Publikationen im Themenbereich eGovernment, Digitalisierung, Verwaltung\",\"breadcrumb\":{\"@id\":\"https:\/\/sciencebear.info\/public\/sammlungen\/egovernment\/#breadcrumb\"},\"inLanguage\":\"de\",\"potentialAction\":[{\"@type\":\"ReadAction\",\"target\":[\"https:\/\/sciencebear.info\/public\/sammlungen\/egovernment\/\"]}]},{\"@type\":\"BreadcrumbList\",\"@id\":\"https:\/\/sciencebear.info\/public\/sammlungen\/egovernment\/#breadcrumb\",\"itemListElement\":[{\"@type\":\"ListItem\",\"position\":1,\"name\":\"Startseite\",\"item\":\"https:\/\/sciencebear.info\/public\/\"},{\"@type\":\"ListItem\",\"position\":2,\"name\":\"Sammlungen\",\"item\":\"https:\/\/sciencebear.info\/public\/sammlungen\/\"},{\"@type\":\"ListItem\",\"position\":3,\"name\":\"eGovernment &#8211; Sammlung\"}]},{\"@type\":\"WebSite\",\"@id\":\"https:\/\/sciencebear.info\/public\/#website\",\"url\":\"https:\/\/sciencebear.info\/public\/\",\"name\":\"ScienceBear\",\"description\":\"Wer nur tut, was er kann, wird nie mehr, als er ist. (Ford)\",\"publisher\":{\"@id\":\"https:\/\/sciencebear.info\/public\/#\/schema\/person\/19e093ed91934636837b99b00f5d7640\"},\"potentialAction\":[{\"@type\":\"SearchAction\",\"target\":{\"@type\":\"EntryPoint\",\"urlTemplate\":\"https:\/\/sciencebear.info\/public\/?s={search_term_string}\"},\"query-input\":{\"@type\":\"PropertyValueSpecification\",\"valueRequired\":true,\"valueName\":\"search_term_string\"}}],\"inLanguage\":\"de\"},{\"@type\":[\"Person\",\"Organization\"],\"@id\":\"https:\/\/sciencebear.info\/public\/#\/schema\/person\/19e093ed91934636837b99b00f5d7640\",\"name\":\"Andr\u00e9\",\"image\":{\"@type\":\"ImageObject\",\"inLanguage\":\"de\",\"@id\":\"https:\/\/sciencebear.info\/public\/#\/schema\/person\/image\/\",\"url\":\"https:\/\/sciencebear.info\/public\/wp-content\/uploads\/2019\/07\/2019-07-09-Andr\u00e9.png\",\"contentUrl\":\"https:\/\/sciencebear.info\/public\/wp-content\/uploads\/2019\/07\/2019-07-09-Andr\u00e9.png\",\"width\":715,\"height\":971,\"caption\":\"Andr\u00e9\"},\"logo\":{\"@id\":\"https:\/\/sciencebear.info\/public\/#\/schema\/person\/image\/\"},\"description\":\"Developer\",\"sameAs\":[\"http:\/\/sciencebear.info\",\"https:\/\/www.instagram.com\/euro_bear\/\",\"https:\/\/www.linkedin.com\/in\/andre-sciencebear\/\",\"https:\/\/x.com\/andrek81\"]}]}<\/script>\n<!-- \/ Yoast SEO plugin. -->","yoast_head_json":{"title":"eGovernment - Sammlung &#8226; ScienceBear","description":"Hier findest Du eine Sammlung von Ver\u00f6ffentlichungen, Gesetzen oder Publikationen im Themenbereich eGovernment, Digitalisierung, Verwaltung","robots":{"index":"index","follow":"follow","max-snippet":"max-snippet:-1","max-image-preview":"max-image-preview:large","max-video-preview":"max-video-preview:-1"},"canonical":"https:\/\/sciencebear.info\/public\/sammlungen\/egovernment\/","og_locale":"de_DE","og_type":"article","og_title":"eGovernment - Sammlung &#8226; ScienceBear","og_description":"Hier findest Du eine Sammlung von Ver\u00f6ffentlichungen, Gesetzen oder Publikationen im Themenbereich eGovernment, Digitalisierung, Verwaltung","og_url":"https:\/\/sciencebear.info\/public\/sammlungen\/egovernment\/","og_site_name":"ScienceBear","article_modified_time":"2021-09-27T21:20:47+00:00","og_image":[{"width":1920,"height":480,"url":"https:\/\/sciencebear.info\/public\/wp-content\/uploads\/2015\/04\/rock-1839298_1920-e1566998263420.jpg","type":"image\/jpeg"}],"twitter_card":"summary_large_image","twitter_site":"@andrek81","twitter_misc":{"Gesch\u00e4tzte Lesezeit":"1\u00a0Minute"},"schema":{"@context":"https:\/\/schema.org","@graph":[{"@type":"WebPage","@id":"https:\/\/sciencebear.info\/public\/sammlungen\/egovernment\/","url":"https:\/\/sciencebear.info\/public\/sammlungen\/egovernment\/","name":"eGovernment - Sammlung &#8226; ScienceBear","isPartOf":{"@id":"https:\/\/sciencebear.info\/public\/#website"},"datePublished":"2017-09-21T11:53:49+00:00","dateModified":"2021-09-27T21:20:47+00:00","description":"Hier findest Du eine Sammlung von Ver\u00f6ffentlichungen, Gesetzen oder Publikationen im Themenbereich eGovernment, Digitalisierung, Verwaltung","breadcrumb":{"@id":"https:\/\/sciencebear.info\/public\/sammlungen\/egovernment\/#breadcrumb"},"inLanguage":"de","potentialAction":[{"@type":"ReadAction","target":["https:\/\/sciencebear.info\/public\/sammlungen\/egovernment\/"]}]},{"@type":"BreadcrumbList","@id":"https:\/\/sciencebear.info\/public\/sammlungen\/egovernment\/#breadcrumb","itemListElement":[{"@type":"ListItem","position":1,"name":"Startseite","item":"https:\/\/sciencebear.info\/public\/"},{"@type":"ListItem","position":2,"name":"Sammlungen","item":"https:\/\/sciencebear.info\/public\/sammlungen\/"},{"@type":"ListItem","position":3,"name":"eGovernment &#8211; Sammlung"}]},{"@type":"WebSite","@id":"https:\/\/sciencebear.info\/public\/#website","url":"https:\/\/sciencebear.info\/public\/","name":"ScienceBear","description":"Wer nur tut, was er kann, wird nie mehr, als er ist. (Ford)","publisher":{"@id":"https:\/\/sciencebear.info\/public\/#\/schema\/person\/19e093ed91934636837b99b00f5d7640"},"potentialAction":[{"@type":"SearchAction","target":{"@type":"EntryPoint","urlTemplate":"https:\/\/sciencebear.info\/public\/?s={search_term_string}"},"query-input":{"@type":"PropertyValueSpecification","valueRequired":true,"valueName":"search_term_string"}}],"inLanguage":"de"},{"@type":["Person","Organization"],"@id":"https:\/\/sciencebear.info\/public\/#\/schema\/person\/19e093ed91934636837b99b00f5d7640","name":"Andr\u00e9","image":{"@type":"ImageObject","inLanguage":"de","@id":"https:\/\/sciencebear.info\/public\/#\/schema\/person\/image\/","url":"https:\/\/sciencebear.info\/public\/wp-content\/uploads\/2019\/07\/2019-07-09-Andr\u00e9.png","contentUrl":"https:\/\/sciencebear.info\/public\/wp-content\/uploads\/2019\/07\/2019-07-09-Andr\u00e9.png","width":715,"height":971,"caption":"Andr\u00e9"},"logo":{"@id":"https:\/\/sciencebear.info\/public\/#\/schema\/person\/image\/"},"description":"Developer","sameAs":["http:\/\/sciencebear.info","https:\/\/www.instagram.com\/euro_bear\/","https:\/\/www.linkedin.com\/in\/andre-sciencebear\/","https:\/\/x.com\/andrek81"]}]}},"_links":{"self":[{"href":"https:\/\/sciencebear.info\/public\/wp-json\/wp\/v2\/pages\/419","targetHints":{"allow":["GET"]}}],"collection":[{"href":"https:\/\/sciencebear.info\/public\/wp-json\/wp\/v2\/pages"}],"about":[{"href":"https:\/\/sciencebear.info\/public\/wp-json\/wp\/v2\/types\/page"}],"author":[{"embeddable":true,"href":"https:\/\/sciencebear.info\/public\/wp-json\/wp\/v2\/users\/1"}],"replies":[{"embeddable":true,"href":"https:\/\/sciencebear.info\/public\/wp-json\/wp\/v2\/comments?post=419"}],"version-history":[{"count":7,"href":"https:\/\/sciencebear.info\/public\/wp-json\/wp\/v2\/pages\/419\/revisions"}],"predecessor-version":[{"id":984,"href":"https:\/\/sciencebear.info\/public\/wp-json\/wp\/v2\/pages\/419\/revisions\/984"}],"up":[{"embeddable":true,"href":"https:\/\/sciencebear.info\/public\/wp-json\/wp\/v2\/pages\/380"}],"wp:attachment":[{"href":"https:\/\/sciencebear.info\/public\/wp-json\/wp\/v2\/media?parent=419"}],"curies":[{"name":"wp","href":"https:\/\/api.w.org\/{rel}","templated":true}]}}