{"id":458,"date":"2018-04-09T15:59:55","date_gmt":"2018-04-09T14:59:55","guid":{"rendered":"http:\/\/sciencebear.info\/public\/?page_id=458"},"modified":"2021-09-27T22:09:14","modified_gmt":"2021-09-27T21:09:14","slug":"bpm-tools","status":"publish","type":"page","link":"https:\/\/sciencebear.info\/public\/sammlungen\/bpm-tools\/","title":{"rendered":"BPM Tools"},"content":{"rendered":"\n<p>F\u00fcr <a href=\"https:\/\/sciencebear.info\/public\/andre-kleinschmidt\/lebenslauf\/\">fr\u00fchere Kollegen<\/a> und mich suchte ich geeignete BPM Tools zur Modellierung von Gesch\u00e4ftsprozessen. Die Idee war Prozesse grafisch zu dokumentieren und mit Beteiligten diskutieren und optimieren. Falls es anderen hilft, trage ich die Fundst\u00fccke hier zur Liste zusammen. Alle Angaben kommen ohne Gew\u00e4hr. Preise und Lizenzmodelle k\u00f6nnen sich nach Aufnahme auf diese Liste ver\u00e4ndern.<\/p>\n\n\n\n<p>Mittlerweile pflege ich die Liste nicht mehr aktiv, da ich das Berufsfeld gewechselt habe. Was ich aktuell anstelle, kannst du im <a href=\"https:\/\/sciencebear.info\/public\/andre-kleinschmidt\/lebenslauf\/\">Lebenslauf<\/a> nachlesen.<\/p>\n\n\n\n<!--more-->\n\n\n\n<h2 class=\"wp-block-heading\">meine BPM Tools Liste<\/h2>\n\n\n\n<ul class=\"wp-block-list\"><li><a href=\"https:\/\/www.appian.com\/platform\/bpm-suite\">Appian BPM Suite<\/a><\/li><li><a href=\"https:\/\/www.softproject.de\/x4-suite\/x4-bpm.html\">X4 BMP Suite von SoftProject<\/a><\/li><li><a href=\"https:\/\/de.omnitracker.com\/DE\/seiten\/bpmn.aspx\">BMPN Modeller von OmniTracker<\/a><\/li><li><a href=\"http:\/\/www.bpm-software-tool.de\/home\/startseite.html\">BIC Design Free Webedition<\/a><\/li><li><a href=\"https:\/\/camunda.com\/bpmn\/tool\/\"><strong>Camunda BPMN Tool<\/strong><\/a><strong> <\/strong><br>das ist mein pers\u00f6nlicher Favorit mit Stand August 2019, auf dem ich auch meine Kollegen f\u00fcr deren Prozessdokumentation schulte<\/li><li><a href=\"https:\/\/www.signavio.com\/\">Signavio<\/a> <br>ein sehr sch\u00f6nes und m\u00e4chtiges Tool, mit dem auch collaborative Bearbeitung von Diagrammen m\u00f6glich ist<br>Signavio wird u.a. in BPMN-Kursen des Hasso Plattner Instituts benutzt. Es war mein Wunsch-Tool, welches aber leider nicht ins Budget passte.<\/li><\/ul>\n\n\n\n<hr class=\"wp-block-separator\"\/>\n\n\n\n<h2 class=\"wp-block-heading\">BPM Listen von Anderen<\/h2>\n\n\n\n<p><a href=\"http:\/\/prozessmanagement-blog.ch\/post\/32587959467\/uebersicht-bpmn-prozessmodellierungs-tools\">Liste<\/a>&nbsp;von BPM-&#8222;Modellierungs-Tools vom <a href=\"http:\/\/prozessmanagement-blog.ch\/\">Prozessmanagement-Blog<\/a> von Andreas Naef. (Beitrag von 2012)<\/p>\n\n\n\n<h3 class=\"wp-block-heading\">Freie Tools<\/h3>\n\n\n\n<ul class=\"wp-block-list\"><li><a title=\"ADONIS Community Edition\" href=\"https:\/\/t.umblr.com\/redirect?z=http%3A%2F%2Fwww.adonis-community.com%2Fbusiness_process_management_home.html&amp;t=YTU1NDBkOTgyNWY0NGMzODFiYTJmNmI5NTUxODlhMzZiYmZiNTc1YixxWUxYRjdGOA%3D%3D&amp;b=t%3A355FRbKLRE9eEQskLTh4Zw&amp;p=http%3A%2F%2Fprozessmanagement-blog.ch%2Fpost%2F32587959467%2Fuebersicht-bpmn-prozessmodellierungs-tools&amp;m=1\" target=\"_blank\" rel=\"noopener noreferrer\">ADONIS:Community Edition<\/a>&nbsp;(BOC Group)<\/li><li><a href=\"https:\/\/t.umblr.com\/redirect?z=http%3A%2F%2Fwww.ariscommunity.com%2Faris-express&amp;t=ODQwNmE4NjM5N2VhZWRhMDlkYTQ4MTlmODczOTg0MmU2ODc0OGJkNyxxWUxYRjdGOA%3D%3D&amp;b=t%3A355FRbKLRE9eEQskLTh4Zw&amp;p=http%3A%2F%2Fprozessmanagement-blog.ch%2Fpost%2F32587959467%2Fuebersicht-bpmn-prozessmodellierungs-tools&amp;m=1\" target=\"_blank\" rel=\"noopener noreferrer\">ARIS Express<\/a>&nbsp;(IDS Scheer, software AG)<\/li><li><a href=\"https:\/\/t.umblr.com\/redirect?z=http%3A%2F%2Fwww.bizagi.com%2Findex.php%3Foption%3Dcom_content%26view%3Darticle%26id%3D95%26Itemid%3D107&amp;t=M2EwYzQwNmE1OTg3YWU0N2E5NDk3NTVhN2VkZjQ4ZDc5YjVkMzBkNSxxWUxYRjdGOA%3D%3D&amp;b=t%3A355FRbKLRE9eEQskLTh4Zw&amp;p=http%3A%2F%2Fprozessmanagement-blog.ch%2Fpost%2F32587959467%2Fuebersicht-bpmn-prozessmodellierungs-tools&amp;m=1\" target=\"_blank\" rel=\"noopener noreferrer\">Bizagi BPMN Process Modeler<\/a>&nbsp;(Bizagi)<\/li><li><a href=\"https:\/\/t.umblr.com\/redirect?z=http%3A%2F%2Fwww.ech-bpm.ch%2Fde%2Fnutzung-tool&amp;t=MzdlMzFjYjg4YzI4MjIwZDA3Y2MwNDlmYzZmNDBmYTk1YTJkMmUzYixxWUxYRjdGOA%3D%3D&amp;b=t%3A355FRbKLRE9eEQskLTh4Zw&amp;p=http%3A%2F%2Fprozessmanagement-blog.ch%2Fpost%2F32587959467%2Fuebersicht-bpmn-prozessmodellierungs-tools&amp;m=1\" target=\"_blank\" rel=\"noopener noreferrer\">eCH BPM Starterkit<\/a>&nbsp;(Verein eCH)<\/li><li><a href=\"https:\/\/t.umblr.com\/redirect?z=http%3A%2F%2Fwww.itp-commerce.com%2Fprodukte%2Ffree-modeler%2F&amp;t=NGU2NjIzZWJiYTFkMWViM2NmOTJiMTBjNTdlNmU2YTYxNDg2NDBhNSxxWUxYRjdGOA%3D%3D&amp;b=t%3A355FRbKLRE9eEQskLTh4Zw&amp;p=http%3A%2F%2Fprozessmanagement-blog.ch%2Fpost%2F32587959467%2Fuebersicht-bpmn-prozessmodellierungs-tools&amp;m=1\" target=\"_blank\" rel=\"noopener noreferrer\">Free Modeler for Microsoft Visio<\/a>&nbsp;(itp commerce ltd.)<\/li><li><a href=\"https:\/\/t.umblr.com\/redirect?z=http%3A%2F%2Fwww.modeliosoft.com%2F&amp;t=OGM2ZTNjM2E0OGU1Y2FlODk5M2E3NzNlYWFmZTExMjIwYjhhZDI4YixxWUxYRjdGOA%3D%3D&amp;b=t%3A355FRbKLRE9eEQskLTh4Zw&amp;p=http%3A%2F%2Fprozessmanagement-blog.ch%2Fpost%2F32587959467%2Fuebersicht-bpmn-prozessmodellierungs-tools&amp;m=1\" target=\"_blank\" rel=\"noopener noreferrer\">Modelio Free Edition<\/a>&nbsp;(Modeliosoft)<\/li><li><a href=\"https:\/\/t.umblr.com\/redirect?z=http%3A%2F%2Fwww.modelworld.nl%2F&amp;t=OTc5ZDBjNWQ4NDliM2Y4YWUxZmZiNTYzN2E1NzFjMWViNDY5MjhhNCxxWUxYRjdGOA%3D%3D&amp;b=t%3A355FRbKLRE9eEQskLTh4Zw&amp;p=http%3A%2F%2Fprozessmanagement-blog.ch%2Fpost%2F32587959467%2Fuebersicht-bpmn-prozessmodellierungs-tools&amp;m=1\" target=\"_blank\" rel=\"noopener noreferrer\">modelworld<\/a>&nbsp;(modelworld)<\/li><li><a href=\"https:\/\/t.umblr.com\/redirect?z=http%3A%2F%2Fbpmn.sourceforge.net%2F&amp;t=MWM2MGJlODlkMTc2YjMxMjFkMWRlOTQ2Yjk4ZmI4NTEyMmJiMGI0MSxxWUxYRjdGOA%3D%3D&amp;b=t%3A355FRbKLRE9eEQskLTh4Zw&amp;p=http%3A%2F%2Fprozessmanagement-blog.ch%2Fpost%2F32587959467%2Fuebersicht-bpmn-prozessmodellierungs-tools&amp;m=1\" target=\"_blank\" rel=\"noopener noreferrer\">Yaoqiang BPMN Editor<\/a><\/li><li><a href=\"https:\/\/t.umblr.com\/redirect?z=http%3A%2F%2Fbpt.hpi.uni-potsdam.de%2FOryx%2F&amp;t=NGQ3OGJhMTZjYzg3ZTk2YzU3OGIwNjRjYWFlMzUwMjM2MDc1ZjkzMCxxWUxYRjdGOA%3D%3D&amp;b=t%3A355FRbKLRE9eEQskLTh4Zw&amp;p=http%3A%2F%2Fprozessmanagement-blog.ch%2Fpost%2F32587959467%2Fuebersicht-bpmn-prozessmodellierungs-tools&amp;m=1\" target=\"_blank\" rel=\"noopener noreferrer\">Oryx<\/a>&nbsp;(Business Process Technology Group \u2013 Hasso-Plattner-Institute)<\/li><li><a title=\"WebRatio BPM Free\" href=\"https:\/\/t.umblr.com\/redirect?z=http%3A%2F%2Fwww.webratio.com%2Fportal%2Fcontent%2Fen%2Ffree-bpmn-editor&amp;t=OTA3ODBjYmJlYjAyZTY0MmM5YzFmOTQ4YWIyMDJiOTNhN2Y4YTZmNCxxWUxYRjdGOA%3D%3D&amp;b=t%3A355FRbKLRE9eEQskLTh4Zw&amp;p=http%3A%2F%2Fprozessmanagement-blog.ch%2Fpost%2F32587959467%2Fuebersicht-bpmn-prozessmodellierungs-tools&amp;m=1\" target=\"_blank\" rel=\"noopener noreferrer\">WebRatio BPM Free<\/a>&nbsp;(WebRatio)<\/li><\/ul>\n\n\n\n<h3 class=\"wp-block-heading\">Kommerzielle<\/h3>\n\n\n\n<ul class=\"wp-block-list\"><li><a title=\"ADONIS\" href=\"https:\/\/t.umblr.com\/redirect?z=http%3A%2F%2Fwww.boc-group.com%2Fch%2Fprodukte%2Fadonis%2F&amp;t=ZTkwYzdjODI1NDBjM2I3NTc3ZGQ2MWRjMWY5NTFiZTYyZTIwYTJiZixxWUxYRjdGOA%3D%3D&amp;b=t%3A355FRbKLRE9eEQskLTh4Zw&amp;p=http%3A%2F%2Fprozessmanagement-blog.ch%2Fpost%2F32587959467%2Fuebersicht-bpmn-prozessmodellierungs-tools&amp;m=1\" target=\"_blank\" rel=\"noopener noreferrer\">ADONIS<\/a>&nbsp;(BOC Group)<\/li><li><a href=\"https:\/\/t.umblr.com\/redirect?z=http%3A%2F%2Fwww.bpm-tool.de%2F&amp;t=NTM2ODFjMzExZmUxYmRiMTY4MzVmZGRlMmFmMTc1MWUwMTY2NzRjZSxxWUxYRjdGOA%3D%3D&amp;b=t%3A355FRbKLRE9eEQskLTh4Zw&amp;p=http%3A%2F%2Fprozessmanagement-blog.ch%2Fpost%2F32587959467%2Fuebersicht-bpmn-prozessmodellierungs-tools&amp;m=1\" target=\"_blank\" rel=\"noopener noreferrer\">Aeneis<\/a>&nbsp;(intellior AG)<\/li><li><a href=\"https:\/\/t.umblr.com\/redirect?z=http%3A%2F%2Fwww.ids-scheer.de%2Fde%2FARIS%2FARIS_Platform%2FARIS_Design_Platform%2F7792.html&amp;t=NDU0NWNmNTQ2MzY5ZGNjYWEzNTExYjdjZmQ3NmJhN2M3YjBmMTIxMyxxWUxYRjdGOA%3D%3D&amp;b=t%3A355FRbKLRE9eEQskLTh4Zw&amp;p=http%3A%2F%2Fprozessmanagement-blog.ch%2Fpost%2F32587959467%2Fuebersicht-bpmn-prozessmodellierungs-tools&amp;m=1\" target=\"_blank\" rel=\"noopener noreferrer\">ARIS Design Platform<\/a>&nbsp;(IDS Scheer, software AG)<\/li><li><a href=\"https:\/\/t.umblr.com\/redirect?z=http%3A%2F%2Fwww.gbtec.de%2Fcategories%2F1-Produkte%2Fpages%2F128-BIC_Design&amp;t=NjRkNDgxNGJhYzlmNTM3YTg2ODk4M2U0YmI1NTIwZGM0NDE1YmUxYixxWUxYRjdGOA%3D%3D&amp;b=t%3A355FRbKLRE9eEQskLTh4Zw&amp;p=http%3A%2F%2Fprozessmanagement-blog.ch%2Fpost%2F32587959467%2Fuebersicht-bpmn-prozessmodellierungs-tools&amp;m=1\" target=\"_blank\" rel=\"noopener noreferrer\">BIC Design<\/a>&nbsp;(&nbsp;<span class=\"claim\">GBTEC Software + Consulting AG)<\/span><\/li><li><a href=\"https:\/\/t.umblr.com\/redirect?z=http%3A%2F%2Fwww.visual-paradigm.com%2Fproduct%2Fbpva%2F&amp;t=MTU0NTFjYTU4OGYwNDIxMGUwODNhYmFlZTJkMTM3ZjU4MjFjMjRjNixxWUxYRjdGOA%3D%3D&amp;b=t%3A355FRbKLRE9eEQskLTh4Zw&amp;p=http%3A%2F%2Fprozessmanagement-blog.ch%2Fpost%2F32587959467%2Fuebersicht-bpmn-prozessmodellierungs-tools&amp;m=1\" target=\"_blank\" rel=\"noopener noreferrer\">Business Process Visual ARCHITECT<\/a>&nbsp;(Visual Paradigm)<\/li><li><a title=\"Cameo Business Modeler\" href=\"https:\/\/t.umblr.com\/redirect?z=http%3A%2F%2Fwww.nomagic.com%2Fproducts%2Fcameo-business-modeler.html&amp;t=OWYzYzM2YTU3MDFlMWM3MDU4NDhiZTc1YTFlZGRhMTQ1NzA2YjU4OSxxWUxYRjdGOA%3D%3D&amp;b=t%3A355FRbKLRE9eEQskLTh4Zw&amp;p=http%3A%2F%2Fprozessmanagement-blog.ch%2Fpost%2F32587959467%2Fuebersicht-bpmn-prozessmodellierungs-tools&amp;m=1\" target=\"_blank\" rel=\"noopener noreferrer\">Cameo Business Modeler<\/a>&nbsp;(No Magic)<\/li><li><a title=\"Enterprise Architect\" href=\"https:\/\/t.umblr.com\/redirect?z=http%3A%2F%2Fwww.sparxsystems.com.au%2F&amp;t=OTgzYjk4NmQ3N2EyNjRjZGMxMWQwOGQyM2U3OGMzNTQ0OTk5NTg4YSxxWUxYRjdGOA%3D%3D&amp;b=t%3A355FRbKLRE9eEQskLTh4Zw&amp;p=http%3A%2F%2Fprozessmanagement-blog.ch%2Fpost%2F32587959467%2Fuebersicht-bpmn-prozessmodellierungs-tools&amp;m=1\" target=\"_blank\" rel=\"noopener noreferrer\">Enterprise Architect<\/a>&nbsp;(Sparx Systems)<\/li><li><a title=\"ibo Prometheus\" href=\"https:\/\/t.umblr.com\/redirect?z=http%3A%2F%2Fwww.ibo.de%2Fsoftware%2Fibo-prometheus-prozessmanagement-software%2Fprometheusnet%2F93.html&amp;t=ZjhiMWFjOGIzYjk2NWIxNGJmZmJkNGI2YTIwMWVhMGVmNWY2YzI3ZSxxWUxYRjdGOA%3D%3D&amp;b=t%3A355FRbKLRE9eEQskLTh4Zw&amp;p=http%3A%2F%2Fprozessmanagement-blog.ch%2Fpost%2F32587959467%2Fuebersicht-bpmn-prozessmodellierungs-tools&amp;m=1\" target=\"_blank\" rel=\"noopener noreferrer\">ibo Prometheus<\/a>&nbsp;(ibo Software GmbH)<\/li><li><a href=\"https:\/\/t.umblr.com\/redirect?z=http%3A%2F%2Fwww.igrafx.de%2F&amp;t=YjlhOTQ3MTY1OTUyOWY4YWZhZmIzMWJlYmQ1MzU4ZjgzMDEyM2I3NSxxWUxYRjdGOA%3D%3D&amp;b=t%3A355FRbKLRE9eEQskLTh4Zw&amp;p=http%3A%2F%2Fprozessmanagement-blog.ch%2Fpost%2F32587959467%2Fuebersicht-bpmn-prozessmodellierungs-tools&amp;m=1\" target=\"_blank\" rel=\"noopener noreferrer\">iGrafx<\/a>&nbsp;(Corel Corporation)<\/li><li><a title=\"MID - Innovator\" href=\"https:\/\/t.umblr.com\/redirect?z=http%3A%2F%2Fwww.mid.de%2Fprodukte%2Fmodellierungsplattform-innovator.html&amp;t=MmY3ODU2NTYwMjQ5MGQ4MDliOGExZDE5NjJkOWY1MGI4MTc1ZDczOCxxWUxYRjdGOA%3D%3D&amp;b=t%3A355FRbKLRE9eEQskLTh4Zw&amp;p=http%3A%2F%2Fprozessmanagement-blog.ch%2Fpost%2F32587959467%2Fuebersicht-bpmn-prozessmodellierungs-tools&amp;m=1\" target=\"_blank\" rel=\"noopener noreferrer\">Innovator<\/a>&nbsp;(MID)<\/li><li><a title=\"IYOPRO, intellivate GmbH\" href=\"https:\/\/t.umblr.com\/redirect?z=http%3A%2F%2Fwww.iyopro.de%2F&amp;t=YTRmMzAxZjliZDVhZTA3YTM5M2NjZmQ4MjRlZGMxN2NmNmYxN2YwOCxxWUxYRjdGOA%3D%3D&amp;b=t%3A355FRbKLRE9eEQskLTh4Zw&amp;p=http%3A%2F%2Fprozessmanagement-blog.ch%2Fpost%2F32587959467%2Fuebersicht-bpmn-prozessmodellierungs-tools&amp;m=1\" target=\"_blank\" rel=\"noopener noreferrer\">IYOPRO<\/a>&nbsp;(intellivate GmbH)<\/li><li><a href=\"https:\/\/t.umblr.com\/redirect?z=http%3A%2F%2Foffice.microsoft.com%2Fde-de%2Fvisio%2Fvisio-vergleich-der-editionen-FX101838162.aspx&amp;t=MjFmZjBmYzA5NDI5NTBhZmMwZjgxMmYyODVkNDg0NDY2NmE1ODc4MixxWUxYRjdGOA%3D%3D&amp;b=t%3A355FRbKLRE9eEQskLTh4Zw&amp;p=http%3A%2F%2Fprozessmanagement-blog.ch%2Fpost%2F32587959467%2Fuebersicht-bpmn-prozessmodellierungs-tools&amp;m=1\" target=\"_blank\" rel=\"noopener noreferrer\">Microsoft Visio<\/a>&nbsp;(Microsoft Corporation)<\/li><li><a href=\"https:\/\/t.umblr.com\/redirect?z=http%3A%2F%2Fwww.modeliosoft.com%2F&amp;t=OGM2ZTNjM2E0OGU1Y2FlODk5M2E3NzNlYWFmZTExMjIwYjhhZDI4YixxWUxYRjdGOA%3D%3D&amp;b=t%3A355FRbKLRE9eEQskLTh4Zw&amp;p=http%3A%2F%2Fprozessmanagement-blog.ch%2Fpost%2F32587959467%2Fuebersicht-bpmn-prozessmodellierungs-tools&amp;m=1\" target=\"_blank\" rel=\"noopener noreferrer\">Modelio Enterprise Edition<\/a>&nbsp;(Modeliosoft)<\/li><li><a title=\"process4.biz\" href=\"https:\/\/t.umblr.com\/redirect?z=http%3A%2F%2Fprocess4.biz%2FHome%2FSoftware%2Ftabid%2F66%2Flanguage%2Fde-DE%2FDefault.aspx&amp;t=ODVlMzNjOGE2ODNkM2Y1NTg2ZGUwMjNhMzRhMDgzM2ZhM2ZjNzRkNCxxWUxYRjdGOA%3D%3D&amp;b=t%3A355FRbKLRE9eEQskLTh4Zw&amp;p=http%3A%2F%2Fprozessmanagement-blog.ch%2Fpost%2F32587959467%2Fuebersicht-bpmn-prozessmodellierungs-tools&amp;m=1\" target=\"_blank\" rel=\"noopener noreferrer\">process4.biz<\/a>&nbsp;(process4.biz)<\/li><li><a href=\"https:\/\/t.umblr.com\/redirect?z=http%3A%2F%2Fwww.itp-commerce.com%2Fprodukte%2Fprocess-modeler%2F&amp;t=ZjQ5YmFlY2UxZDViNGEzN2U3NWUxN2QyMzhkZWIzOWE4N2JjOGMwMixxWUxYRjdGOA%3D%3D&amp;b=t%3A355FRbKLRE9eEQskLTh4Zw&amp;p=http%3A%2F%2Fprozessmanagement-blog.ch%2Fpost%2F32587959467%2Fuebersicht-bpmn-prozessmodellierungs-tools&amp;m=1\" target=\"_blank\" rel=\"noopener noreferrer\">Process Modeler for Microsoft Visio<\/a>&nbsp;(itp commerce ltd.)<\/li><li><a title=\"SemTalk  der Firma Semtation GmbH\" href=\"https:\/\/t.umblr.com\/redirect?z=http%3A%2F%2Fwww.semtation.de%2Findex.php%2Fde%2F&amp;t=ZjBiYzNmNTBmYjgzOWE5OGUzZjE0YmE5MWU0OGM1NmI3ZmJiOTNiMyxxWUxYRjdGOA%3D%3D&amp;b=t%3A355FRbKLRE9eEQskLTh4Zw&amp;p=http%3A%2F%2Fprozessmanagement-blog.ch%2Fpost%2F32587959467%2Fuebersicht-bpmn-prozessmodellierungs-tools&amp;m=1\" target=\"_blank\" rel=\"noopener noreferrer\">SemTalk<\/a>&nbsp;(Semtation GmbH)<\/li><li><a href=\"https:\/\/t.umblr.com\/redirect?z=http%3A%2F%2Fwww.signavio.com%2Fde.html&amp;t=ZWM5ZjMzNWY0MTBlODc1MzlmMTFjYzFkYWFkY2YwMTE5N2ZlYzUyZCxxWUxYRjdGOA%3D%3D&amp;b=t%3A355FRbKLRE9eEQskLTh4Zw&amp;p=http%3A%2F%2Fprozessmanagement-blog.ch%2Fpost%2F32587959467%2Fuebersicht-bpmn-prozessmodellierungs-tools&amp;m=1\" target=\"_blank\" rel=\"noopener noreferrer\">Signavio Process Editor<\/a>&nbsp;(Signavio GmbH)<\/li><li><a title=\"Symbio Process\" href=\"https:\/\/t.umblr.com\/redirect?z=http%3A%2F%2Fwww.p-und-z.de%2Fportal%2Fde%2Fprodukte%2Fsymbio-process%2Fsymbio-process.html&amp;t=ODVmMGUzYzNiNTlhN2U0Zjg1MmY5Y2IxNTFmNmY0ZGMxMGZkMjE1NixxWUxYRjdGOA%3D%3D&amp;b=t%3A355FRbKLRE9eEQskLTh4Zw&amp;p=http%3A%2F%2Fprozessmanagement-blog.ch%2Fpost%2F32587959467%2Fuebersicht-bpmn-prozessmodellierungs-tools&amp;m=1\" target=\"_blank\" rel=\"noopener noreferrer\">Symbio Process<\/a>&nbsp;(Ploetz + Zeller GmbH)<\/li><li><a title=\"Xpert.ivy Modeler\" href=\"https:\/\/t.umblr.com\/redirect?z=http%3A%2F%2Fwww.sorecoweb.ch%2Fprozesse%2Fbpm-suite%2F&amp;t=MjlkMGZkZjMwM2RkZjFkM2U2NjlhMjc4YTViYzQ0NTljMzllMTE4YyxxWUxYRjdGOA%3D%3D&amp;b=t%3A355FRbKLRE9eEQskLTh4Zw&amp;p=http%3A%2F%2Fprozessmanagement-blog.ch%2Fpost%2F32587959467%2Fuebersicht-bpmn-prozessmodellierungs-tools&amp;m=1\" target=\"_blank\" rel=\"noopener noreferrer\">Xpert.ivy Modeller<\/a>&nbsp;(Soreco AG)<\/li><\/ul>\n","protected":false},"excerpt":{"rendered":"<p>F\u00fcr fr\u00fchere Kollegen und mich suchte ich geeignete BPM Tools zur Modellierung von Gesch\u00e4ftsprozessen. Die Idee war Prozesse grafisch zu dokumentieren und mit Beteiligten diskutieren und optimieren. Falls es anderen hilft, trage ich die Fundst\u00fccke hier zur Liste zusammen. Alle Angaben kommen ohne Gew\u00e4hr. Preise und Lizenzmodelle k\u00f6nnen sich nach Aufnahme auf diese Liste ver\u00e4ndern. [&hellip;]<\/p>\n","protected":false},"author":1,"featured_media":0,"parent":380,"menu_order":0,"comment_status":"closed","ping_status":"closed","template":"","meta":{"footnotes":""},"class_list":["post-458","page","type-page","status-publish","hentry"],"yoast_head":"<!-- This site is optimized with the Yoast SEO plugin v25.6 - https:\/\/yoast.com\/wordpress\/plugins\/seo\/ -->\n<title>BPM Tools &#8226; ScienceBear<\/title>\n<meta name=\"description\" content=\"Hier findest Du eine Liste von BPM-Tools, die ich im Laufe meiner Managementjobs zusammengetragen habe. Alle Angaben ohne Gew\u00e4hr.\" \/>\n<meta name=\"robots\" content=\"index, follow, max-snippet:-1, max-image-preview:large, max-video-preview:-1\" \/>\n<link rel=\"canonical\" href=\"https:\/\/sciencebear.info\/public\/sammlungen\/bpm-tools\/\" \/>\n<meta property=\"og:locale\" content=\"de_DE\" \/>\n<meta property=\"og:type\" content=\"article\" \/>\n<meta property=\"og:title\" content=\"BPM Tools &#8226; ScienceBear\" \/>\n<meta property=\"og:description\" content=\"Hier findest Du eine Liste von BPM-Tools, die ich im Laufe meiner Managementjobs zusammengetragen habe. Alle Angaben ohne Gew\u00e4hr.\" \/>\n<meta property=\"og:url\" content=\"https:\/\/sciencebear.info\/public\/sammlungen\/bpm-tools\/\" \/>\n<meta property=\"og:site_name\" content=\"ScienceBear\" \/>\n<meta property=\"article:modified_time\" content=\"2021-09-27T21:09:14+00:00\" \/>\n<meta property=\"og:image\" content=\"https:\/\/sciencebear.info\/public\/wp-content\/uploads\/2015\/04\/rock-1839298_1920-e1566998263420.jpg\" \/>\n\t<meta property=\"og:image:width\" content=\"1920\" \/>\n\t<meta property=\"og:image:height\" content=\"480\" \/>\n\t<meta property=\"og:image:type\" content=\"image\/jpeg\" \/>\n<meta name=\"twitter:card\" content=\"summary_large_image\" \/>\n<meta name=\"twitter:site\" content=\"@andrek81\" \/>\n<meta name=\"twitter:label1\" content=\"Gesch\u00e4tzte Lesezeit\" \/>\n\t<meta name=\"twitter:data1\" content=\"2\u00a0Minuten\" \/>\n<script type=\"application\/ld+json\" class=\"yoast-schema-graph\">{\"@context\":\"https:\/\/schema.org\",\"@graph\":[{\"@type\":\"WebPage\",\"@id\":\"https:\/\/sciencebear.info\/public\/sammlungen\/bpm-tools\/\",\"url\":\"https:\/\/sciencebear.info\/public\/sammlungen\/bpm-tools\/\",\"name\":\"BPM Tools &#8226; ScienceBear\",\"isPartOf\":{\"@id\":\"https:\/\/sciencebear.info\/public\/#website\"},\"datePublished\":\"2018-04-09T14:59:55+00:00\",\"dateModified\":\"2021-09-27T21:09:14+00:00\",\"description\":\"Hier findest Du eine Liste von BPM-Tools, die ich im Laufe meiner Managementjobs zusammengetragen habe. Alle Angaben ohne Gew\u00e4hr.\",\"breadcrumb\":{\"@id\":\"https:\/\/sciencebear.info\/public\/sammlungen\/bpm-tools\/#breadcrumb\"},\"inLanguage\":\"de\",\"potentialAction\":[{\"@type\":\"ReadAction\",\"target\":[\"https:\/\/sciencebear.info\/public\/sammlungen\/bpm-tools\/\"]}]},{\"@type\":\"BreadcrumbList\",\"@id\":\"https:\/\/sciencebear.info\/public\/sammlungen\/bpm-tools\/#breadcrumb\",\"itemListElement\":[{\"@type\":\"ListItem\",\"position\":1,\"name\":\"Startseite\",\"item\":\"https:\/\/sciencebear.info\/public\/\"},{\"@type\":\"ListItem\",\"position\":2,\"name\":\"Sammlungen\",\"item\":\"https:\/\/sciencebear.info\/public\/sammlungen\/\"},{\"@type\":\"ListItem\",\"position\":3,\"name\":\"BPM Tools\"}]},{\"@type\":\"WebSite\",\"@id\":\"https:\/\/sciencebear.info\/public\/#website\",\"url\":\"https:\/\/sciencebear.info\/public\/\",\"name\":\"ScienceBear\",\"description\":\"Wer nur tut, was er kann, wird nie mehr, als er ist. (Ford)\",\"publisher\":{\"@id\":\"https:\/\/sciencebear.info\/public\/#\/schema\/person\/19e093ed91934636837b99b00f5d7640\"},\"potentialAction\":[{\"@type\":\"SearchAction\",\"target\":{\"@type\":\"EntryPoint\",\"urlTemplate\":\"https:\/\/sciencebear.info\/public\/?s={search_term_string}\"},\"query-input\":{\"@type\":\"PropertyValueSpecification\",\"valueRequired\":true,\"valueName\":\"search_term_string\"}}],\"inLanguage\":\"de\"},{\"@type\":[\"Person\",\"Organization\"],\"@id\":\"https:\/\/sciencebear.info\/public\/#\/schema\/person\/19e093ed91934636837b99b00f5d7640\",\"name\":\"Andr\u00e9\",\"image\":{\"@type\":\"ImageObject\",\"inLanguage\":\"de\",\"@id\":\"https:\/\/sciencebear.info\/public\/#\/schema\/person\/image\/\",\"url\":\"https:\/\/sciencebear.info\/public\/wp-content\/uploads\/2019\/07\/2019-07-09-Andr\u00e9.png\",\"contentUrl\":\"https:\/\/sciencebear.info\/public\/wp-content\/uploads\/2019\/07\/2019-07-09-Andr\u00e9.png\",\"width\":715,\"height\":971,\"caption\":\"Andr\u00e9\"},\"logo\":{\"@id\":\"https:\/\/sciencebear.info\/public\/#\/schema\/person\/image\/\"},\"description\":\"Developer\",\"sameAs\":[\"http:\/\/sciencebear.info\",\"https:\/\/www.instagram.com\/euro_bear\/\",\"https:\/\/www.linkedin.com\/in\/andre-sciencebear\/\",\"https:\/\/x.com\/andrek81\"]}]}<\/script>\n<!-- \/ Yoast SEO plugin. -->","yoast_head_json":{"title":"BPM Tools &#8226; ScienceBear","description":"Hier findest Du eine Liste von BPM-Tools, die ich im Laufe meiner Managementjobs zusammengetragen habe. Alle Angaben ohne Gew\u00e4hr.","robots":{"index":"index","follow":"follow","max-snippet":"max-snippet:-1","max-image-preview":"max-image-preview:large","max-video-preview":"max-video-preview:-1"},"canonical":"https:\/\/sciencebear.info\/public\/sammlungen\/bpm-tools\/","og_locale":"de_DE","og_type":"article","og_title":"BPM Tools &#8226; ScienceBear","og_description":"Hier findest Du eine Liste von BPM-Tools, die ich im Laufe meiner Managementjobs zusammengetragen habe. Alle Angaben ohne Gew\u00e4hr.","og_url":"https:\/\/sciencebear.info\/public\/sammlungen\/bpm-tools\/","og_site_name":"ScienceBear","article_modified_time":"2021-09-27T21:09:14+00:00","og_image":[{"width":1920,"height":480,"url":"https:\/\/sciencebear.info\/public\/wp-content\/uploads\/2015\/04\/rock-1839298_1920-e1566998263420.jpg","type":"image\/jpeg"}],"twitter_card":"summary_large_image","twitter_site":"@andrek81","twitter_misc":{"Gesch\u00e4tzte Lesezeit":"2\u00a0Minuten"},"schema":{"@context":"https:\/\/schema.org","@graph":[{"@type":"WebPage","@id":"https:\/\/sciencebear.info\/public\/sammlungen\/bpm-tools\/","url":"https:\/\/sciencebear.info\/public\/sammlungen\/bpm-tools\/","name":"BPM Tools &#8226; ScienceBear","isPartOf":{"@id":"https:\/\/sciencebear.info\/public\/#website"},"datePublished":"2018-04-09T14:59:55+00:00","dateModified":"2021-09-27T21:09:14+00:00","description":"Hier findest Du eine Liste von BPM-Tools, die ich im Laufe meiner Managementjobs zusammengetragen habe. Alle Angaben ohne Gew\u00e4hr.","breadcrumb":{"@id":"https:\/\/sciencebear.info\/public\/sammlungen\/bpm-tools\/#breadcrumb"},"inLanguage":"de","potentialAction":[{"@type":"ReadAction","target":["https:\/\/sciencebear.info\/public\/sammlungen\/bpm-tools\/"]}]},{"@type":"BreadcrumbList","@id":"https:\/\/sciencebear.info\/public\/sammlungen\/bpm-tools\/#breadcrumb","itemListElement":[{"@type":"ListItem","position":1,"name":"Startseite","item":"https:\/\/sciencebear.info\/public\/"},{"@type":"ListItem","position":2,"name":"Sammlungen","item":"https:\/\/sciencebear.info\/public\/sammlungen\/"},{"@type":"ListItem","position":3,"name":"BPM Tools"}]},{"@type":"WebSite","@id":"https:\/\/sciencebear.info\/public\/#website","url":"https:\/\/sciencebear.info\/public\/","name":"ScienceBear","description":"Wer nur tut, was er kann, wird nie mehr, als er ist. (Ford)","publisher":{"@id":"https:\/\/sciencebear.info\/public\/#\/schema\/person\/19e093ed91934636837b99b00f5d7640"},"potentialAction":[{"@type":"SearchAction","target":{"@type":"EntryPoint","urlTemplate":"https:\/\/sciencebear.info\/public\/?s={search_term_string}"},"query-input":{"@type":"PropertyValueSpecification","valueRequired":true,"valueName":"search_term_string"}}],"inLanguage":"de"},{"@type":["Person","Organization"],"@id":"https:\/\/sciencebear.info\/public\/#\/schema\/person\/19e093ed91934636837b99b00f5d7640","name":"Andr\u00e9","image":{"@type":"ImageObject","inLanguage":"de","@id":"https:\/\/sciencebear.info\/public\/#\/schema\/person\/image\/","url":"https:\/\/sciencebear.info\/public\/wp-content\/uploads\/2019\/07\/2019-07-09-Andr\u00e9.png","contentUrl":"https:\/\/sciencebear.info\/public\/wp-content\/uploads\/2019\/07\/2019-07-09-Andr\u00e9.png","width":715,"height":971,"caption":"Andr\u00e9"},"logo":{"@id":"https:\/\/sciencebear.info\/public\/#\/schema\/person\/image\/"},"description":"Developer","sameAs":["http:\/\/sciencebear.info","https:\/\/www.instagram.com\/euro_bear\/","https:\/\/www.linkedin.com\/in\/andre-sciencebear\/","https:\/\/x.com\/andrek81"]}]}},"_links":{"self":[{"href":"https:\/\/sciencebear.info\/public\/wp-json\/wp\/v2\/pages\/458","targetHints":{"allow":["GET"]}}],"collection":[{"href":"https:\/\/sciencebear.info\/public\/wp-json\/wp\/v2\/pages"}],"about":[{"href":"https:\/\/sciencebear.info\/public\/wp-json\/wp\/v2\/types\/page"}],"author":[{"embeddable":true,"href":"https:\/\/sciencebear.info\/public\/wp-json\/wp\/v2\/users\/1"}],"replies":[{"embeddable":true,"href":"https:\/\/sciencebear.info\/public\/wp-json\/wp\/v2\/comments?post=458"}],"version-history":[{"count":4,"href":"https:\/\/sciencebear.info\/public\/wp-json\/wp\/v2\/pages\/458\/revisions"}],"predecessor-version":[{"id":981,"href":"https:\/\/sciencebear.info\/public\/wp-json\/wp\/v2\/pages\/458\/revisions\/981"}],"up":[{"embeddable":true,"href":"https:\/\/sciencebear.info\/public\/wp-json\/wp\/v2\/pages\/380"}],"wp:attachment":[{"href":"https:\/\/sciencebear.info\/public\/wp-json\/wp\/v2\/media?parent=458"}],"curies":[{"name":"wp","href":"https:\/\/api.w.org\/{rel}","templated":true}]}}