{"id":503,"date":"2018-11-08T14:03:22","date_gmt":"2018-11-08T13:03:22","guid":{"rendered":"http:\/\/sciencebear.info\/public\/?page_id=503"},"modified":"2024-01-26T16:13:43","modified_gmt":"2024-01-26T15:13:43","slug":"kontakt","status":"publish","type":"page","link":"https:\/\/sciencebear.info\/public\/andre-kleinschmidt\/impressum\/kontakt\/","title":{"rendered":"Kontakt"},"content":{"rendered":"\n<figure class=\"wp-block-image alignfull wp-duotone-duotone-2\"><img loading=\"lazy\" decoding=\"async\" width=\"1024\" height=\"193\" src=\"https:\/\/sciencebear.info\/public\/wp-content\/uploads\/2019\/09\/keyboard-2113703_1920-e1567591414374-1024x193.jpg\" alt=\"Eine Tastatur, um Kontakt aufzunehmen.\" class=\"wp-image-698\" srcset=\"https:\/\/sciencebear.info\/public\/wp-content\/uploads\/2019\/09\/keyboard-2113703_1920-e1567591414374-1024x193.jpg 1024w, https:\/\/sciencebear.info\/public\/wp-content\/uploads\/2019\/09\/keyboard-2113703_1920-e1567591414374-300x57.jpg 300w, https:\/\/sciencebear.info\/public\/wp-content\/uploads\/2019\/09\/keyboard-2113703_1920-e1567591414374-768x145.jpg 768w, https:\/\/sciencebear.info\/public\/wp-content\/uploads\/2019\/09\/keyboard-2113703_1920-e1567591414374-1568x296.jpg 1568w, https:\/\/sciencebear.info\/public\/wp-content\/uploads\/2019\/09\/keyboard-2113703_1920-e1567591414374.jpg 1910w\" sizes=\"auto, (max-width: 1024px) 100vw, 1024px\" \/><\/figure>\n\n\n\n<p class=\"has-small-font-size\">Dieses Kontakt-Formular erzeugt eine E-mail an Andr\u00e9, deshalb speichert die Erweiterung  innerhalb der WordPress-Instanz keine Daten. Wenn Dich Details zu Verarbeitung und Speicherung Deiner Angaben interessieren, dann lies bitte zus\u00e4tzlich die <a href=\"https:\/\/sciencebear.info\/public\/andre-kleinschmidt\/impressum\/\">Datenschutzerkl\u00e4rung<\/a>.<\/p>\n\n\n<div class=\"wpforms-container wpforms-container-full\" id=\"wpforms-502\"><form id=\"wpforms-form-502\" class=\"wpforms-validate wpforms-form\" data-formid=\"502\" method=\"post\" enctype=\"multipart\/form-data\" action=\"\/public\/wp-json\/wp\/v2\/pages\/503\" data-token=\"3263d3e7a7aaf36c2872ee42b61f9682\" data-token-time=\"1777584313\"><noscript class=\"wpforms-error-noscript\">Bitte aktiviere JavaScript in deinem Browser, um dieses Formular fertigzustellen.<\/noscript><div class=\"wpforms-field-container\"><div id=\"wpforms-502-field_0-container\" class=\"wpforms-field wpforms-field-name\" data-field-id=\"0\"><label class=\"wpforms-field-label\" for=\"wpforms-502-field_0\">Dein Name <span class=\"wpforms-required-label\">*<\/span><\/label><input type=\"text\" id=\"wpforms-502-field_0\" class=\"wpforms-field-medium wpforms-field-required\" name=\"wpforms[fields][0]\" placeholder=\"Gib hier ein, mit wem ich es zu tun habe.\" required><\/div><div id=\"wpforms-502-field_1-container\" class=\"wpforms-field wpforms-field-email\" data-field-id=\"1\"><label class=\"wpforms-field-label\" for=\"wpforms-502-field_1\">Deine E-Mail, die ich f\u00fcr die Antwort verwenden soll <span class=\"wpforms-required-label\">*<\/span><\/label><input type=\"email\" id=\"wpforms-502-field_1\" class=\"wpforms-field-medium wpforms-field-required\" name=\"wpforms[fields][1]\" placeholder=\"Gib hier Deine E-Mailadresse ein.\" spellcheck=\"false\" required><div class=\"wpforms-field-description\">Geh bitte sicher, dass Du Dich bei der Adresse nicht vertippst. Fehler in der E-Mailadresse machen es unm\u00f6glich Dir zu antworten.<\/div><\/div><div id=\"wpforms-502-field_3-container\" class=\"wpforms-field wpforms-field-select wpforms-field-select-style-classic\" data-field-id=\"3\"><label class=\"wpforms-field-label\" for=\"wpforms-502-field_3\">Worum geht es denn?<\/label><select id=\"wpforms-502-field_3\" class=\"wpforms-field-medium\" name=\"wpforms[fields][3]\"><option value=\"Ich m\u00f6chte kostenpflichtig das &quot;Robots pay my bills&quot;-Paket bestellen.\"  selected='selected'>Ich m\u00f6chte kostenpflichtig das &quot;Robots pay my bills&quot;-Paket bestellen.<\/option><option value=\"Ich wollte nur mal Hallo sagen.\" >Ich wollte nur mal Hallo sagen.<\/option><option value=\"Auf Sciencebear wird ein Medium oder Text nicht gem\u00e4\u00df seiner Lizenz verwendet.\" >Auf Sciencebear wird ein Medium oder Text nicht gem\u00e4\u00df seiner Lizenz verwendet.<\/option><option value=\"Ich m\u00f6chte ein Angebot f\u00fcr eine Leistung einholen.\" >Ich m\u00f6chte ein Angebot f\u00fcr eine Leistung einholen.<\/option><option value=\"Auf Sciencebear findet sich ein inhaltlicher Fehler oder Schreibfehler.\" >Auf Sciencebear findet sich ein inhaltlicher Fehler oder Schreibfehler.<\/option><option value=\"etwas Anderes...\" >etwas Anderes...<\/option><\/select><\/div><div id=\"wpforms-502-field_2-container\" class=\"wpforms-field wpforms-field-textarea\" data-field-id=\"2\"><label class=\"wpforms-field-label\" for=\"wpforms-502-field_2\">Deine Nachricht <span class=\"wpforms-required-label\">*<\/span><\/label><textarea id=\"wpforms-502-field_2\" class=\"wpforms-field-medium wpforms-field-required\" name=\"wpforms[fields][2]\" placeholder=\"Gib hier Deine Nachricht an mich ein.\" required><\/textarea><\/div><div id=\"wpforms-502-field_4-container\" class=\"wpforms-field wpforms-field-gdpr-checkbox\" data-field-id=\"4\"><label class=\"wpforms-field-label\">DSGVO-Einverst\u00e4ndnis <span class=\"wpforms-required-label\">*<\/span><\/label><ul id=\"wpforms-502-field_4\" class=\"wpforms-field-required\"><li class=\"choice-1\"><input type=\"checkbox\" id=\"wpforms-502-field_4_1\" name=\"wpforms[fields][4][]\" value=\"Ich willige ein, dass meine Informationen zur Bearbeitung meiner Anfrage verarbeitet werden.\" required ><label class=\"wpforms-field-label-inline\" for=\"wpforms-502-field_4_1\">Ich willige ein, dass meine Informationen zur Bearbeitung meiner Anfrage verarbeitet werden.<\/label><\/li><\/ul><\/div><\/div><!-- .wpforms-field-container --><div class=\"wpforms-field wpforms-field-hp\"><label for=\"wpforms-502-field-hp\" class=\"wpforms-field-label\">Comment<\/label><input type=\"text\" name=\"wpforms[hp]\" id=\"wpforms-502-field-hp\" class=\"wpforms-field-medium\"><\/div><div class=\"wpforms-recaptcha-container wpforms-is-recaptcha wpforms-is-recaptcha-type-invisible\" ><div class=\"g-recaptcha\" data-sitekey=\"6Ldh3tMUAAAAAFj2Eq-j1z0onDrBwcGmZCzoOsU8\" data-size=\"invisible\"><\/div><\/div><div class=\"wpforms-submit-container\" ><input type=\"hidden\" name=\"wpforms[id]\" value=\"502\"><input type=\"hidden\" name=\"page_title\" value=\"\"><input type=\"hidden\" name=\"page_url\" value=\"https:\/\/sciencebear.info\/public\/wp-json\/wp\/v2\/pages\/503\"><input type=\"hidden\" name=\"url_referer\" value=\"\"><button type=\"submit\" name=\"wpforms[submit]\" id=\"wpforms-submit-502\" class=\"wpforms-submit\" data-alt-text=\"Sende...\" data-submit-text=\"Abschicken\" aria-live=\"assertive\" value=\"wpforms-submit\">Abschicken<\/button><\/div><\/form><\/div>  <!-- .wpforms-container -->\n\n\n\n<p class=\"has-small-font-size\">Ich nutze f\u00fcr dieses Kontakt-Formular die kostenfreie Version von <a href=\"https:\/\/wpforms.com\/\">WPForms<\/a>.<\/p>\n","protected":false},"excerpt":{"rendered":"<p>Dieses Kontakt-Formular erzeugt eine E-mail an Andr\u00e9, deshalb speichert die Erweiterung innerhalb der WordPress-Instanz keine Daten. Wenn Dich Details zu Verarbeitung und Speicherung Deiner Angaben interessieren, dann lies bitte zus\u00e4tzlich die Datenschutzerkl\u00e4rung. Ich nutze f\u00fcr dieses Kontakt-Formular die kostenfreie Version von WPForms.<\/p>\n","protected":false},"author":1,"featured_media":0,"parent":280,"menu_order":100,"comment_status":"closed","ping_status":"closed","template":"","meta":{"footnotes":""},"class_list":["post-503","page","type-page","status-publish","hentry"],"yoast_head":"<!-- This site is optimized with the Yoast SEO plugin v25.6 - https:\/\/yoast.com\/wordpress\/plugins\/seo\/ -->\n<title>Kontakt &#8226; Schreib dem Sciencebear etwas Nettes!<\/title>\n<meta name=\"description\" content=\"Kontakt zu Andr\u00e9 aufnemen ist einfach: Wenn Du ein Angebot einholen m\u00f6chtest, Fragen hast oder einen Fehler melden m\u00f6chtest, nutze dieses Formular.\" \/>\n<meta name=\"robots\" content=\"index, follow, max-snippet:-1, max-image-preview:large, max-video-preview:-1\" \/>\n<link rel=\"canonical\" href=\"https:\/\/sciencebear.info\/public\/andre-kleinschmidt\/impressum\/kontakt\/\" \/>\n<meta property=\"og:locale\" content=\"de_DE\" \/>\n<meta property=\"og:type\" content=\"article\" \/>\n<meta property=\"og:title\" content=\"Kontakt &#8226; Schreib dem Sciencebear etwas Nettes!\" \/>\n<meta property=\"og:description\" content=\"Kontakt zu Andr\u00e9 aufnemen ist einfach: Wenn Du ein Angebot einholen m\u00f6chtest, Fragen hast oder einen Fehler melden m\u00f6chtest, nutze dieses Formular.\" \/>\n<meta property=\"og:url\" content=\"https:\/\/sciencebear.info\/public\/andre-kleinschmidt\/impressum\/kontakt\/\" \/>\n<meta property=\"og:site_name\" content=\"ScienceBear\" \/>\n<meta property=\"article:modified_time\" content=\"2024-01-26T15:13:43+00:00\" \/>\n<meta property=\"og:image\" content=\"https:\/\/sciencebear.info\/public\/wp-content\/uploads\/2019\/09\/keyboard-2113703_1920-e1567591414374-1024x193.jpg\" \/>\n<meta name=\"twitter:card\" content=\"summary_large_image\" \/>\n<meta name=\"twitter:site\" content=\"@andrek81\" \/>\n<script type=\"application\/ld+json\" class=\"yoast-schema-graph\">{\"@context\":\"https:\/\/schema.org\",\"@graph\":[{\"@type\":\"WebPage\",\"@id\":\"https:\/\/sciencebear.info\/public\/andre-kleinschmidt\/impressum\/kontakt\/\",\"url\":\"https:\/\/sciencebear.info\/public\/andre-kleinschmidt\/impressum\/kontakt\/\",\"name\":\"Kontakt &#8226; Schreib dem Sciencebear etwas Nettes!\",\"isPartOf\":{\"@id\":\"https:\/\/sciencebear.info\/public\/#website\"},\"primaryImageOfPage\":{\"@id\":\"https:\/\/sciencebear.info\/public\/andre-kleinschmidt\/impressum\/kontakt\/#primaryimage\"},\"image\":{\"@id\":\"https:\/\/sciencebear.info\/public\/andre-kleinschmidt\/impressum\/kontakt\/#primaryimage\"},\"thumbnailUrl\":\"https:\/\/sciencebear.info\/public\/wp-content\/uploads\/2019\/09\/keyboard-2113703_1920-e1567591414374-1024x193.jpg\",\"datePublished\":\"2018-11-08T13:03:22+00:00\",\"dateModified\":\"2024-01-26T15:13:43+00:00\",\"description\":\"Kontakt zu Andr\u00e9 aufnemen ist einfach: Wenn Du ein Angebot einholen m\u00f6chtest, Fragen hast oder einen Fehler melden m\u00f6chtest, nutze dieses Formular.\",\"breadcrumb\":{\"@id\":\"https:\/\/sciencebear.info\/public\/andre-kleinschmidt\/impressum\/kontakt\/#breadcrumb\"},\"inLanguage\":\"de\",\"potentialAction\":[{\"@type\":\"ReadAction\",\"target\":[\"https:\/\/sciencebear.info\/public\/andre-kleinschmidt\/impressum\/kontakt\/\"]}]},{\"@type\":\"ImageObject\",\"inLanguage\":\"de\",\"@id\":\"https:\/\/sciencebear.info\/public\/andre-kleinschmidt\/impressum\/kontakt\/#primaryimage\",\"url\":\"https:\/\/sciencebear.info\/public\/wp-content\/uploads\/2019\/09\/keyboard-2113703_1920-e1567591414374.jpg\",\"contentUrl\":\"https:\/\/sciencebear.info\/public\/wp-content\/uploads\/2019\/09\/keyboard-2113703_1920-e1567591414374.jpg\",\"width\":1910,\"height\":360,\"caption\":\"Tastatur\"},{\"@type\":\"BreadcrumbList\",\"@id\":\"https:\/\/sciencebear.info\/public\/andre-kleinschmidt\/impressum\/kontakt\/#breadcrumb\",\"itemListElement\":[{\"@type\":\"ListItem\",\"position\":1,\"name\":\"Startseite\",\"item\":\"https:\/\/sciencebear.info\/public\/\"},{\"@type\":\"ListItem\",\"position\":2,\"name\":\"ScienceBear\",\"item\":\"https:\/\/sciencebear.info\/public\/\"},{\"@type\":\"ListItem\",\"position\":3,\"name\":\"Impressum &#038; Datenschutz\",\"item\":\"https:\/\/sciencebear.info\/public\/andre-kleinschmidt\/impressum\/\"},{\"@type\":\"ListItem\",\"position\":4,\"name\":\"Kontakt\"}]},{\"@type\":\"WebSite\",\"@id\":\"https:\/\/sciencebear.info\/public\/#website\",\"url\":\"https:\/\/sciencebear.info\/public\/\",\"name\":\"ScienceBear\",\"description\":\"Wer nur tut, was er kann, wird nie mehr, als er ist. (Ford)\",\"publisher\":{\"@id\":\"https:\/\/sciencebear.info\/public\/#\/schema\/person\/19e093ed91934636837b99b00f5d7640\"},\"potentialAction\":[{\"@type\":\"SearchAction\",\"target\":{\"@type\":\"EntryPoint\",\"urlTemplate\":\"https:\/\/sciencebear.info\/public\/?s={search_term_string}\"},\"query-input\":{\"@type\":\"PropertyValueSpecification\",\"valueRequired\":true,\"valueName\":\"search_term_string\"}}],\"inLanguage\":\"de\"},{\"@type\":[\"Person\",\"Organization\"],\"@id\":\"https:\/\/sciencebear.info\/public\/#\/schema\/person\/19e093ed91934636837b99b00f5d7640\",\"name\":\"Andr\u00e9\",\"image\":{\"@type\":\"ImageObject\",\"inLanguage\":\"de\",\"@id\":\"https:\/\/sciencebear.info\/public\/#\/schema\/person\/image\/\",\"url\":\"https:\/\/sciencebear.info\/public\/wp-content\/uploads\/2019\/07\/2019-07-09-Andr\u00e9.png\",\"contentUrl\":\"https:\/\/sciencebear.info\/public\/wp-content\/uploads\/2019\/07\/2019-07-09-Andr\u00e9.png\",\"width\":715,\"height\":971,\"caption\":\"Andr\u00e9\"},\"logo\":{\"@id\":\"https:\/\/sciencebear.info\/public\/#\/schema\/person\/image\/\"},\"description\":\"Developer\",\"sameAs\":[\"http:\/\/sciencebear.info\",\"https:\/\/www.instagram.com\/euro_bear\/\",\"https:\/\/www.linkedin.com\/in\/andre-sciencebear\/\",\"https:\/\/x.com\/andrek81\"]}]}<\/script>\n<!-- \/ Yoast SEO plugin. -->","yoast_head_json":{"title":"Kontakt &#8226; Schreib dem Sciencebear etwas Nettes!","description":"Kontakt zu Andr\u00e9 aufnemen ist einfach: Wenn Du ein Angebot einholen m\u00f6chtest, Fragen hast oder einen Fehler melden m\u00f6chtest, nutze dieses Formular.","robots":{"index":"index","follow":"follow","max-snippet":"max-snippet:-1","max-image-preview":"max-image-preview:large","max-video-preview":"max-video-preview:-1"},"canonical":"https:\/\/sciencebear.info\/public\/andre-kleinschmidt\/impressum\/kontakt\/","og_locale":"de_DE","og_type":"article","og_title":"Kontakt &#8226; Schreib dem Sciencebear etwas Nettes!","og_description":"Kontakt zu Andr\u00e9 aufnemen ist einfach: Wenn Du ein Angebot einholen m\u00f6chtest, Fragen hast oder einen Fehler melden m\u00f6chtest, nutze dieses Formular.","og_url":"https:\/\/sciencebear.info\/public\/andre-kleinschmidt\/impressum\/kontakt\/","og_site_name":"ScienceBear","article_modified_time":"2024-01-26T15:13:43+00:00","og_image":[{"url":"https:\/\/sciencebear.info\/public\/wp-content\/uploads\/2019\/09\/keyboard-2113703_1920-e1567591414374-1024x193.jpg","type":"","width":"","height":""}],"twitter_card":"summary_large_image","twitter_site":"@andrek81","schema":{"@context":"https:\/\/schema.org","@graph":[{"@type":"WebPage","@id":"https:\/\/sciencebear.info\/public\/andre-kleinschmidt\/impressum\/kontakt\/","url":"https:\/\/sciencebear.info\/public\/andre-kleinschmidt\/impressum\/kontakt\/","name":"Kontakt &#8226; Schreib dem Sciencebear etwas Nettes!","isPartOf":{"@id":"https:\/\/sciencebear.info\/public\/#website"},"primaryImageOfPage":{"@id":"https:\/\/sciencebear.info\/public\/andre-kleinschmidt\/impressum\/kontakt\/#primaryimage"},"image":{"@id":"https:\/\/sciencebear.info\/public\/andre-kleinschmidt\/impressum\/kontakt\/#primaryimage"},"thumbnailUrl":"https:\/\/sciencebear.info\/public\/wp-content\/uploads\/2019\/09\/keyboard-2113703_1920-e1567591414374-1024x193.jpg","datePublished":"2018-11-08T13:03:22+00:00","dateModified":"2024-01-26T15:13:43+00:00","description":"Kontakt zu Andr\u00e9 aufnemen ist einfach: Wenn Du ein Angebot einholen m\u00f6chtest, Fragen hast oder einen Fehler melden m\u00f6chtest, nutze dieses Formular.","breadcrumb":{"@id":"https:\/\/sciencebear.info\/public\/andre-kleinschmidt\/impressum\/kontakt\/#breadcrumb"},"inLanguage":"de","potentialAction":[{"@type":"ReadAction","target":["https:\/\/sciencebear.info\/public\/andre-kleinschmidt\/impressum\/kontakt\/"]}]},{"@type":"ImageObject","inLanguage":"de","@id":"https:\/\/sciencebear.info\/public\/andre-kleinschmidt\/impressum\/kontakt\/#primaryimage","url":"https:\/\/sciencebear.info\/public\/wp-content\/uploads\/2019\/09\/keyboard-2113703_1920-e1567591414374.jpg","contentUrl":"https:\/\/sciencebear.info\/public\/wp-content\/uploads\/2019\/09\/keyboard-2113703_1920-e1567591414374.jpg","width":1910,"height":360,"caption":"Tastatur"},{"@type":"BreadcrumbList","@id":"https:\/\/sciencebear.info\/public\/andre-kleinschmidt\/impressum\/kontakt\/#breadcrumb","itemListElement":[{"@type":"ListItem","position":1,"name":"Startseite","item":"https:\/\/sciencebear.info\/public\/"},{"@type":"ListItem","position":2,"name":"ScienceBear","item":"https:\/\/sciencebear.info\/public\/"},{"@type":"ListItem","position":3,"name":"Impressum &#038; Datenschutz","item":"https:\/\/sciencebear.info\/public\/andre-kleinschmidt\/impressum\/"},{"@type":"ListItem","position":4,"name":"Kontakt"}]},{"@type":"WebSite","@id":"https:\/\/sciencebear.info\/public\/#website","url":"https:\/\/sciencebear.info\/public\/","name":"ScienceBear","description":"Wer nur tut, was er kann, wird nie mehr, als er ist. (Ford)","publisher":{"@id":"https:\/\/sciencebear.info\/public\/#\/schema\/person\/19e093ed91934636837b99b00f5d7640"},"potentialAction":[{"@type":"SearchAction","target":{"@type":"EntryPoint","urlTemplate":"https:\/\/sciencebear.info\/public\/?s={search_term_string}"},"query-input":{"@type":"PropertyValueSpecification","valueRequired":true,"valueName":"search_term_string"}}],"inLanguage":"de"},{"@type":["Person","Organization"],"@id":"https:\/\/sciencebear.info\/public\/#\/schema\/person\/19e093ed91934636837b99b00f5d7640","name":"Andr\u00e9","image":{"@type":"ImageObject","inLanguage":"de","@id":"https:\/\/sciencebear.info\/public\/#\/schema\/person\/image\/","url":"https:\/\/sciencebear.info\/public\/wp-content\/uploads\/2019\/07\/2019-07-09-Andr\u00e9.png","contentUrl":"https:\/\/sciencebear.info\/public\/wp-content\/uploads\/2019\/07\/2019-07-09-Andr\u00e9.png","width":715,"height":971,"caption":"Andr\u00e9"},"logo":{"@id":"https:\/\/sciencebear.info\/public\/#\/schema\/person\/image\/"},"description":"Developer","sameAs":["http:\/\/sciencebear.info","https:\/\/www.instagram.com\/euro_bear\/","https:\/\/www.linkedin.com\/in\/andre-sciencebear\/","https:\/\/x.com\/andrek81"]}]}},"_links":{"self":[{"href":"https:\/\/sciencebear.info\/public\/wp-json\/wp\/v2\/pages\/503","targetHints":{"allow":["GET"]}}],"collection":[{"href":"https:\/\/sciencebear.info\/public\/wp-json\/wp\/v2\/pages"}],"about":[{"href":"https:\/\/sciencebear.info\/public\/wp-json\/wp\/v2\/types\/page"}],"author":[{"embeddable":true,"href":"https:\/\/sciencebear.info\/public\/wp-json\/wp\/v2\/users\/1"}],"replies":[{"embeddable":true,"href":"https:\/\/sciencebear.info\/public\/wp-json\/wp\/v2\/comments?post=503"}],"version-history":[{"count":7,"href":"https:\/\/sciencebear.info\/public\/wp-json\/wp\/v2\/pages\/503\/revisions"}],"predecessor-version":[{"id":1096,"href":"https:\/\/sciencebear.info\/public\/wp-json\/wp\/v2\/pages\/503\/revisions\/1096"}],"up":[{"embeddable":true,"href":"https:\/\/sciencebear.info\/public\/wp-json\/wp\/v2\/pages\/280"}],"wp:attachment":[{"href":"https:\/\/sciencebear.info\/public\/wp-json\/wp\/v2\/media?parent=503"}],"curies":[{"name":"wp","href":"https:\/\/api.w.org\/{rel}","templated":true}]}}