{"id":57,"date":"2015-04-08T12:24:31","date_gmt":"2015-04-08T11:24:31","guid":{"rendered":"http:\/\/sciencebear.info\/public\/?page_id=57"},"modified":"2025-08-06T13:11:12","modified_gmt":"2025-08-06T12:11:12","slug":"andre-kleinschmidt","status":"publish","type":"page","link":"https:\/\/sciencebear.info\/public\/","title":{"rendered":"ScienceBear"},"content":{"rendered":"\n<p class=\"has-black-color has-orange-background-color has-text-color has-background has-normal-font-size\" style=\"line-height:1.1\">Du liest das Portfolio von Andr\u00e9 Kleinschmidt. Der <strong>ScienceBear<\/strong> entstand aus dem &#8222;Erkl\u00e4rb\u00e4r&#8220;, den ich im Studium ab und zu zu h\u00f6ren bekam. Ursus dolor Aleck<\/p>\n\n\n\n<h2 class=\"wp-block-heading about-andre has-extra-large-font-size\" id=\"start\" style=\"line-height:1\">\u00dcber Andr\u00e9 Kleinschmidt<\/h2>\n\n\n\n<p style=\"line-height:1.5\">Ich bin Informatiker und habe langj\u00e4hrige Erfahrung als Software-Entwickler, mit Softwarearchitektur, in Anforderungsanalyse und Projektmanagement.<\/p>\n\n\n\n<figure class=\"wp-block-image aligncenter size-medium has-custom-border is-style-rounded wp-duotone-unset-2 is-style-rounded--1\"><a href=\"https:\/\/sciencebear.info\/public\/wp-content\/uploads\/2025\/08\/20250403-Trento.jpg\"><img loading=\"lazy\" decoding=\"async\" width=\"300\" height=\"300\" src=\"https:\/\/sciencebear.info\/public\/wp-content\/uploads\/2025\/08\/20250403-Trento-300x300.jpg\" alt=\"\" class=\"wp-image-1111\" style=\"border-width:4px;border-radius:100%\" srcset=\"https:\/\/sciencebear.info\/public\/wp-content\/uploads\/2025\/08\/20250403-Trento-300x300.jpg 300w, https:\/\/sciencebear.info\/public\/wp-content\/uploads\/2025\/08\/20250403-Trento-150x150.jpg 150w, https:\/\/sciencebear.info\/public\/wp-content\/uploads\/2025\/08\/20250403-Trento-768x768.jpg 768w, https:\/\/sciencebear.info\/public\/wp-content\/uploads\/2025\/08\/20250403-Trento.jpg 942w\" sizes=\"auto, (max-width: 300px) 100vw, 300px\" \/><\/a><\/figure>\n\n\n\n<h3 class=\"wp-block-heading\">Hauptjob<\/h3>\n\n\n\n<p style=\"line-height:1.5\">Seit April 2022 bin ich Senior Software Developer bei <a href=\"https:\/\/www.fp.de\/\" target=\"_blank\" rel=\"noreferrer noopener\">F &amp; P GmbH &#8211; Creating Communities<\/a>. Zuvor lehrte ich 2 Jahre Web Development beim <a href=\"https:\/\/digitalcareerinstitute.org\/\" target=\"_blank\" rel=\"noreferrer noopener\">Digital Career Institute<\/a> aus dem HomeOffice. Aus dieser Zeit stammen auch meine <a href=\"https:\/\/sciencebear.info\/public\/andre-kleinschmidt\/lebenslauf\/lehre\/\">Tipps zur Online-Lehre<\/a>.<\/p>\n\n\n\n<p>Noch fr\u00fchere Positionen kannst du im <a href=\"https:\/\/sciencebear.info\/public\/andre-kleinschmidt\/lebenslauf\/\">Lebenslauf<\/a> nachlesen.<\/p>\n\n\n\n<h3 class=\"wp-block-heading\">Nebenberuflich<\/h3>\n\n\n\n<p>Ich nehme &#8211; in Absprache mit meiner Firma &#8211; nebenberuflich Auftr\u00e4ge als Dozent und Berater in Themenbereichen Software-Entwicklgung, -Design und -Architektur an.<\/p>\n\n\n\n<p>Um ein Angebot einzuholen, nutze das <a href=\"https:\/\/sciencebear.info\/public\/sciencebear\/impressum\/kontakt\/\">Kontaktformular<\/a> !<\/p>\n\n\n\n<h2 class=\"wp-block-heading mw cave has-extra-large-font-size\" id=\"struktur\">Aufbau der Seite<\/h2>\n\n\n\n<p>Wenn Du nicht weiter wei\u00dft, findest hier ein paar Ideen, zum Weiterlesen:<\/p>\n\n\n\n<ul class=\"wp-block-list\">\n<li>Lies meinen&nbsp;<a href=\"http:\/\/sciencebear.info\/public\/sciencebear\/lebenslauf\/\">Lebenslauf<\/a>, und\/oder&#8230;\n<ul class=\"wp-block-list\">\n<li>&#8230; erfahre etwas \u00fcber meine <a href=\"http:\/\/sciencebear.info\/public\/sciencebear\/lebenslauf\/weiterbildungen\/\">Weiterbildungen<\/a>.<\/li>\n\n\n\n<li>&#8230; schau f\u00fcr welche&nbsp;<a href=\"https:\/\/sciencebear.info\/public\/sciencebear\/lebenslauf\/themen\/\">Themen<\/a>&nbsp;ich mich interessiere.<\/li>\n\n\n\n<li>&#8230; sieh Dir an, wo ich <a href=\"http:\/\/sciencebear.info\/public\/sciencebear\/lebenslauf\/mitgliedschaften\/\">Mitglied<\/a> war.<\/li>\n<\/ul>\n<\/li>\n\n\n\n<li>Wirf einen Blick in meine <a href=\"https:\/\/sciencebear.info\/public\/cat\/tutorial\/\">Tutorials<\/a> zu fr\u00fcheren Problemen.<\/li>\n\n\n\n<li>Um anderen Lehrern Anregungen zu geben, habe ich eine Seite mit <a href=\"https:\/\/sciencebear.info\/public\/andre-kleinschmidt\/lebenslauf\/lehre\/\">Tipps zur Online-Lehre<\/a> erstellt.<\/li>\n<\/ul>\n\n\n\n<h2 class=\"wp-block-heading has-extra-large-font-size\" id=\"privat\">Privat<\/h2>\n\n\n\n<p>Weil ich gern neue Dinge ausprobiere, ver\u00e4ndern sich meine Hobbys und Gewohnheiten im Laufe der Zeit.<br>Seit Mitte 2018 zeichne und male ich mit verschiedenen Materialien und Techniken und habe im Lauf der Zeit ein beachtliches Inventar an K\u00fcnstlerbedarf zugelegt.<\/p>\n\n\n\n<ul class=\"wp-block-list\">\n<li>Zeichnungen\n<ul class=\"wp-block-list\">\n<li>Bleistifte, Kohle, Tusche, Pastellkreiden (Faber-Castell), &#8230;<\/li>\n<\/ul>\n<\/li>\n\n\n\n<li>Aquarelle\n<ul class=\"wp-block-list\">\n<li>Pigmente von Lukas, Faber-Castell, Windsor &amp; Newton, Royal Talens und Schminke<\/li>\n\n\n\n<li>Papier 200-400 g\/m\u00b2 (Canson, Liberge, Hahnem\u00fchle) oder Tonpapier<\/li>\n<\/ul>\n<\/li>\n\n\n\n<li>Digital\n<ul class=\"wp-block-list\">\n<li><a href=\"https:\/\/www.gimp.org\/\" target=\"_blank\" rel=\"noreferrer noopener\">Gimp<\/a>, <a href=\"https:\/\/inkscape.org\/de\/\" target=\"_blank\" rel=\"noreferrer noopener\">Inkscape<\/a>, <a href=\"https:\/\/krita.org\/\">Krita<\/a>, <a href=\"https:\/\/www.clipstudio.net\/\">Clip-Studio Paint<\/a> und <a href=\"https:\/\/www.aseprite.org\/\">Aseprite<\/a><\/li>\n\n\n\n<li>u.a. mit einem <a href=\"https:\/\/gaomon.net\/de-de\/products\/s620-pen-tablet\">Gaomon S620<\/a> und einem <a href=\"https:\/\/www.storexppen.de\/buy\/76.html\" target=\"_blank\" rel=\"noreferrer noopener\">XP-Pen Artist 12 Pro<\/a><\/li>\n<\/ul>\n<\/li>\n\n\n\n<li>Acryl\n<ul class=\"wp-block-list\">\n<li>Prato-Farben von Rico Design (Einsteigerqualit\u00e4t)<\/li>\n\n\n\n<li>Leinwand oder Malkarton<\/li>\n<\/ul>\n<\/li>\n<\/ul>\n\n\n\n<p>Gelegentlich poste ich Bilder oder Fotos von Zwischenschritten auf <a href=\"https:\/\/www.instagram.com\/euro_bear\/\" target=\"_blank\" rel=\"noreferrer noopener\">Instagram<\/a>.<\/p>\n\n\n\n<p>Ich bin gerne drau\u00dfen, wenn es das Wetter zul\u00e4sst. Wenn das Leben durch Wetter oder Pandemien Drinnen stattfindet, dann besch\u00e4ftigen mich Musik und typischer Hobbys f\u00fcr Nerds, darunter Gaming (PS5, Switch) und Serien oder Filmen Netflix oder Amazon Prime. <\/p>\n\n\n\n<p>Ab und zu nehme ich auch mal ein Buch in die Hand, wof\u00fcr mir aber oft die Zeit oder Konzentration fehlt. Ich bin zudem auch ein Balkon- und Zimmerg\u00e4rtner.<\/p>\n\n\n\n<p>Wenn du mir aus verschiedenen Anl\u00e4ssen eine Freude machen willst, findest du Ideen auf meinem <a rel=\"noreferrer noopener\" href=\"https:\/\/www.amazon.de\/hz\/wishlist\/ls\/H5W0BJB2BVZW\" target=\"_blank\">Amazon-Wunschzettel<\/a>.<\/p>\n","protected":false},"excerpt":{"rendered":"<p>Du liest das Portfolio von Andr\u00e9 Kleinschmidt. Der ScienceBear entstand aus dem &#8222;Erkl\u00e4rb\u00e4r&#8220;, den ich im Studium ab und zu zu h\u00f6ren bekam. Ursus dolor Aleck \u00dcber Andr\u00e9 Kleinschmidt Ich bin Informatiker und habe langj\u00e4hrige Erfahrung als Software-Entwickler, mit Softwarearchitektur, in Anforderungsanalyse und Projektmanagement. Hauptjob Seit April 2022 bin ich Senior Software Developer bei F [&hellip;]<\/p>\n","protected":false},"author":1,"featured_media":0,"parent":0,"menu_order":0,"comment_status":"closed","ping_status":"closed","template":"","meta":{"footnotes":""},"class_list":["post-57","page","type-page","status-publish","hentry"],"yoast_head":"<!-- This site is optimized with the Yoast SEO plugin v25.6 - https:\/\/yoast.com\/wordpress\/plugins\/seo\/ -->\n<title>Andr\u00e9 Kleinschmidt &#8226; Portfolio auf Sciencebear.info<\/title>\n<meta name=\"description\" content=\"Du liest das Portfolio von Andr\u00e9 Kleinschmidt, dem &quot;Sciencebear&quot;. Informatiker mit \u00fcber 15 Jahren Berufserfahrung und vielseitigen Interessen.\" \/>\n<meta name=\"robots\" content=\"index, follow, max-snippet:-1, max-image-preview:large, max-video-preview:-1\" \/>\n<link rel=\"canonical\" href=\"https:\/\/sciencebear.info\/public\/\" \/>\n<meta property=\"og:locale\" content=\"de_DE\" \/>\n<meta property=\"og:type\" content=\"article\" \/>\n<meta property=\"og:title\" content=\"Andr\u00e9 Kleinschmidt &#8226; Portfolio auf Sciencebear.info\" \/>\n<meta property=\"og:description\" content=\"Du liest das Portfolio von Andr\u00e9 Kleinschmidt, dem &quot;Sciencebear&quot;. Informatiker mit \u00fcber 15 Jahren Berufserfahrung und vielseitigen Interessen.\" \/>\n<meta property=\"og:url\" content=\"https:\/\/sciencebear.info\/public\/\" \/>\n<meta property=\"og:site_name\" content=\"ScienceBear\" \/>\n<meta property=\"article:modified_time\" content=\"2025-08-06T12:11:12+00:00\" \/>\n<meta property=\"og:image\" content=\"https:\/\/sciencebear.info\/public\/wp-content\/uploads\/2025\/08\/20250403-Trento.jpg\" \/>\n\t<meta property=\"og:image:width\" content=\"942\" \/>\n\t<meta property=\"og:image:height\" content=\"942\" \/>\n\t<meta property=\"og:image:type\" content=\"image\/jpeg\" \/>\n<meta name=\"twitter:card\" content=\"summary_large_image\" \/>\n<meta name=\"twitter:site\" content=\"@andrek81\" \/>\n<meta name=\"twitter:label1\" content=\"Gesch\u00e4tzte Lesezeit\" \/>\n\t<meta name=\"twitter:data1\" content=\"3\u00a0Minuten\" \/>\n<script type=\"application\/ld+json\" class=\"yoast-schema-graph\">{\"@context\":\"https:\/\/schema.org\",\"@graph\":[{\"@type\":[\"WebPage\",\"AboutPage\"],\"@id\":\"https:\/\/sciencebear.info\/public\/\",\"url\":\"https:\/\/sciencebear.info\/public\/\",\"name\":\"Andr\u00e9 Kleinschmidt &#8226; Portfolio auf Sciencebear.info\",\"isPartOf\":{\"@id\":\"https:\/\/sciencebear.info\/public\/#website\"},\"primaryImageOfPage\":{\"@id\":\"https:\/\/sciencebear.info\/public\/#primaryimage\"},\"image\":{\"@id\":\"https:\/\/sciencebear.info\/public\/#primaryimage\"},\"thumbnailUrl\":\"https:\/\/sciencebear.info\/public\/wp-content\/uploads\/2025\/08\/20250403-Trento-300x300.jpg\",\"datePublished\":\"2015-04-08T11:24:31+00:00\",\"dateModified\":\"2025-08-06T12:11:12+00:00\",\"description\":\"Du liest das Portfolio von Andr\u00e9 Kleinschmidt, dem \\\"Sciencebear\\\". Informatiker mit \u00fcber 15 Jahren Berufserfahrung und vielseitigen Interessen.\",\"breadcrumb\":{\"@id\":\"https:\/\/sciencebear.info\/public\/#breadcrumb\"},\"inLanguage\":\"de\",\"potentialAction\":[{\"@type\":\"ReadAction\",\"target\":[\"https:\/\/sciencebear.info\/public\/\"]}]},{\"@type\":\"ImageObject\",\"inLanguage\":\"de\",\"@id\":\"https:\/\/sciencebear.info\/public\/#primaryimage\",\"url\":\"https:\/\/sciencebear.info\/public\/wp-content\/uploads\/2025\/08\/20250403-Trento.jpg\",\"contentUrl\":\"https:\/\/sciencebear.info\/public\/wp-content\/uploads\/2025\/08\/20250403-Trento.jpg\",\"width\":942,\"height\":942},{\"@type\":\"BreadcrumbList\",\"@id\":\"https:\/\/sciencebear.info\/public\/#breadcrumb\",\"itemListElement\":[{\"@type\":\"ListItem\",\"position\":1,\"name\":\"Startseite\",\"item\":\"https:\/\/sciencebear.info\/public\/\"},{\"@type\":\"ListItem\",\"position\":2,\"name\":\"ScienceBear\"}]},{\"@type\":\"WebSite\",\"@id\":\"https:\/\/sciencebear.info\/public\/#website\",\"url\":\"https:\/\/sciencebear.info\/public\/\",\"name\":\"ScienceBear\",\"description\":\"Wer nur tut, was er kann, wird nie mehr, als er ist. (Ford)\",\"publisher\":{\"@id\":\"https:\/\/sciencebear.info\/public\/#\/schema\/person\/19e093ed91934636837b99b00f5d7640\"},\"potentialAction\":[{\"@type\":\"SearchAction\",\"target\":{\"@type\":\"EntryPoint\",\"urlTemplate\":\"https:\/\/sciencebear.info\/public\/?s={search_term_string}\"},\"query-input\":{\"@type\":\"PropertyValueSpecification\",\"valueRequired\":true,\"valueName\":\"search_term_string\"}}],\"inLanguage\":\"de\"},{\"@type\":[\"Person\",\"Organization\"],\"@id\":\"https:\/\/sciencebear.info\/public\/#\/schema\/person\/19e093ed91934636837b99b00f5d7640\",\"name\":\"Andr\u00e9\",\"image\":{\"@type\":\"ImageObject\",\"inLanguage\":\"de\",\"@id\":\"https:\/\/sciencebear.info\/public\/#\/schema\/person\/image\/\",\"url\":\"https:\/\/sciencebear.info\/public\/wp-content\/uploads\/2019\/07\/2019-07-09-Andr\u00e9.png\",\"contentUrl\":\"https:\/\/sciencebear.info\/public\/wp-content\/uploads\/2019\/07\/2019-07-09-Andr\u00e9.png\",\"width\":715,\"height\":971,\"caption\":\"Andr\u00e9\"},\"logo\":{\"@id\":\"https:\/\/sciencebear.info\/public\/#\/schema\/person\/image\/\"},\"description\":\"Developer\",\"sameAs\":[\"http:\/\/sciencebear.info\",\"https:\/\/www.instagram.com\/euro_bear\/\",\"https:\/\/www.linkedin.com\/in\/andre-sciencebear\/\",\"https:\/\/x.com\/andrek81\"]}]}<\/script>\n<!-- \/ Yoast SEO plugin. -->","yoast_head_json":{"title":"Andr\u00e9 Kleinschmidt &#8226; Portfolio auf Sciencebear.info","description":"Du liest das Portfolio von Andr\u00e9 Kleinschmidt, dem \"Sciencebear\". Informatiker mit \u00fcber 15 Jahren Berufserfahrung und vielseitigen Interessen.","robots":{"index":"index","follow":"follow","max-snippet":"max-snippet:-1","max-image-preview":"max-image-preview:large","max-video-preview":"max-video-preview:-1"},"canonical":"https:\/\/sciencebear.info\/public\/","og_locale":"de_DE","og_type":"article","og_title":"Andr\u00e9 Kleinschmidt &#8226; Portfolio auf Sciencebear.info","og_description":"Du liest das Portfolio von Andr\u00e9 Kleinschmidt, dem \"Sciencebear\". Informatiker mit \u00fcber 15 Jahren Berufserfahrung und vielseitigen Interessen.","og_url":"https:\/\/sciencebear.info\/public\/","og_site_name":"ScienceBear","article_modified_time":"2025-08-06T12:11:12+00:00","og_image":[{"width":942,"height":942,"url":"https:\/\/sciencebear.info\/public\/wp-content\/uploads\/2025\/08\/20250403-Trento.jpg","type":"image\/jpeg"}],"twitter_card":"summary_large_image","twitter_site":"@andrek81","twitter_misc":{"Gesch\u00e4tzte Lesezeit":"3\u00a0Minuten"},"schema":{"@context":"https:\/\/schema.org","@graph":[{"@type":["WebPage","AboutPage"],"@id":"https:\/\/sciencebear.info\/public\/","url":"https:\/\/sciencebear.info\/public\/","name":"Andr\u00e9 Kleinschmidt &#8226; Portfolio auf Sciencebear.info","isPartOf":{"@id":"https:\/\/sciencebear.info\/public\/#website"},"primaryImageOfPage":{"@id":"https:\/\/sciencebear.info\/public\/#primaryimage"},"image":{"@id":"https:\/\/sciencebear.info\/public\/#primaryimage"},"thumbnailUrl":"https:\/\/sciencebear.info\/public\/wp-content\/uploads\/2025\/08\/20250403-Trento-300x300.jpg","datePublished":"2015-04-08T11:24:31+00:00","dateModified":"2025-08-06T12:11:12+00:00","description":"Du liest das Portfolio von Andr\u00e9 Kleinschmidt, dem \"Sciencebear\". Informatiker mit \u00fcber 15 Jahren Berufserfahrung und vielseitigen Interessen.","breadcrumb":{"@id":"https:\/\/sciencebear.info\/public\/#breadcrumb"},"inLanguage":"de","potentialAction":[{"@type":"ReadAction","target":["https:\/\/sciencebear.info\/public\/"]}]},{"@type":"ImageObject","inLanguage":"de","@id":"https:\/\/sciencebear.info\/public\/#primaryimage","url":"https:\/\/sciencebear.info\/public\/wp-content\/uploads\/2025\/08\/20250403-Trento.jpg","contentUrl":"https:\/\/sciencebear.info\/public\/wp-content\/uploads\/2025\/08\/20250403-Trento.jpg","width":942,"height":942},{"@type":"BreadcrumbList","@id":"https:\/\/sciencebear.info\/public\/#breadcrumb","itemListElement":[{"@type":"ListItem","position":1,"name":"Startseite","item":"https:\/\/sciencebear.info\/public\/"},{"@type":"ListItem","position":2,"name":"ScienceBear"}]},{"@type":"WebSite","@id":"https:\/\/sciencebear.info\/public\/#website","url":"https:\/\/sciencebear.info\/public\/","name":"ScienceBear","description":"Wer nur tut, was er kann, wird nie mehr, als er ist. (Ford)","publisher":{"@id":"https:\/\/sciencebear.info\/public\/#\/schema\/person\/19e093ed91934636837b99b00f5d7640"},"potentialAction":[{"@type":"SearchAction","target":{"@type":"EntryPoint","urlTemplate":"https:\/\/sciencebear.info\/public\/?s={search_term_string}"},"query-input":{"@type":"PropertyValueSpecification","valueRequired":true,"valueName":"search_term_string"}}],"inLanguage":"de"},{"@type":["Person","Organization"],"@id":"https:\/\/sciencebear.info\/public\/#\/schema\/person\/19e093ed91934636837b99b00f5d7640","name":"Andr\u00e9","image":{"@type":"ImageObject","inLanguage":"de","@id":"https:\/\/sciencebear.info\/public\/#\/schema\/person\/image\/","url":"https:\/\/sciencebear.info\/public\/wp-content\/uploads\/2019\/07\/2019-07-09-Andr\u00e9.png","contentUrl":"https:\/\/sciencebear.info\/public\/wp-content\/uploads\/2019\/07\/2019-07-09-Andr\u00e9.png","width":715,"height":971,"caption":"Andr\u00e9"},"logo":{"@id":"https:\/\/sciencebear.info\/public\/#\/schema\/person\/image\/"},"description":"Developer","sameAs":["http:\/\/sciencebear.info","https:\/\/www.instagram.com\/euro_bear\/","https:\/\/www.linkedin.com\/in\/andre-sciencebear\/","https:\/\/x.com\/andrek81"]}]}},"_links":{"self":[{"href":"https:\/\/sciencebear.info\/public\/wp-json\/wp\/v2\/pages\/57","targetHints":{"allow":["GET"]}}],"collection":[{"href":"https:\/\/sciencebear.info\/public\/wp-json\/wp\/v2\/pages"}],"about":[{"href":"https:\/\/sciencebear.info\/public\/wp-json\/wp\/v2\/types\/page"}],"author":[{"embeddable":true,"href":"https:\/\/sciencebear.info\/public\/wp-json\/wp\/v2\/users\/1"}],"replies":[{"embeddable":true,"href":"https:\/\/sciencebear.info\/public\/wp-json\/wp\/v2\/comments?post=57"}],"version-history":[{"count":89,"href":"https:\/\/sciencebear.info\/public\/wp-json\/wp\/v2\/pages\/57\/revisions"}],"predecessor-version":[{"id":1122,"href":"https:\/\/sciencebear.info\/public\/wp-json\/wp\/v2\/pages\/57\/revisions\/1122"}],"wp:attachment":[{"href":"https:\/\/sciencebear.info\/public\/wp-json\/wp\/v2\/media?parent=57"}],"curies":[{"name":"wp","href":"https:\/\/api.w.org\/{rel}","templated":true}]}}